{"id":1451,"date":"2018-06-13T15:41:23","date_gmt":"2018-06-13T14:41:23","guid":{"rendered":"https:\/\/www.leadersclub.ch\/nouvelles-des-membres\/"},"modified":"2024-05-21T07:40:25","modified_gmt":"2024-05-21T06:40:25","slug":"nouvelles-des-membres","status":"publish","type":"page","link":"https:\/\/www.leadersclub.ch\/fr\/nouvelles-des-membres\/","title":{"rendered":"NOUVELLES DES MEMBRES"},"content":{"rendered":"<div class=\"wpb-content-wrapper\">[vc_row css_animation=\u00a0\u00bb\u00a0\u00bb row_type=\u00a0\u00bbrow\u00a0\u00bb use_row_as_full_screen_section=\u00a0\u00bbno\u00a0\u00bb type=\u00a0\u00bbfull_width\u00a0\u00bb angled_section=\u00a0\u00bbno\u00a0\u00bb text_align=\u00a0\u00bbleft\u00a0\u00bb background_image_as_pattern=\u00a0\u00bbwithout_pattern\u00a0\u00bb][vc_column][vc_empty_space height=\u00a0\u00bb75px\u00a0\u00bb][\/vc_column][\/vc_row][vc_row css_animation=\u00a0\u00bb\u00a0\u00bb row_type=\u00a0\u00bbrow\u00a0\u00bb use_row_as_full_screen_section=\u00a0\u00bbno\u00a0\u00bb type=\u00a0\u00bbfull_width\u00a0\u00bb angled_section=\u00a0\u00bbno\u00a0\u00bb text_align=\u00a0\u00bbleft\u00a0\u00bb background_image_as_pattern=\u00a0\u00bbwithout_pattern\u00a0\u00bb][vc_column][vc_column_text]\n<h2 style=\"text-align: center;\">Nouvelles des membres<\/h2>\n[\/vc_column_text][vc_separator type=\u00a0\u00bbnormal\u00a0\u00bb color=\u00a0\u00bb#fecc00&Prime;][vc_empty_space height=\u00a0\u00bb100px\u00a0\u00bb][\/vc_column][\/vc_row][vc_row css_animation=\u00a0\u00bb\u00a0\u00bb row_type=\u00a0\u00bbrow\u00a0\u00bb use_row_as_full_screen_section=\u00a0\u00bbno\u00a0\u00bb type=\u00a0\u00bbfull_width\u00a0\u00bb angled_section=\u00a0\u00bbno\u00a0\u00bb text_align=\u00a0\u00bbleft\u00a0\u00bb background_image_as_pattern=\u00a0\u00bbwithout_pattern\u00a0\u00bb][vc_column]<div class='q_masonry_blog'><div class=\"q_masonry_blog_grid_sizer\"><\/div><div class=\"q_masonry_blog_grid_gutter\"><\/div><article  class='post-6350 post type-post status-publish format-standard hentry category-mitglieder-news-fr category-nouvelles-des-membres '><div class=\"q_masonry_blog_post_image\"><\/div><div class=\"q_masonry_blog_post_text\"><h5 itemprop=\"name\" class=\"q_masonry_blog_title entry_title\"><a itemprop=\"url\" href=\"https:\/\/www.leadersclub.ch\/fr\/2023\/08\/16\/wyniger-gruppe-nominiert-fuer-prix-svc-nordschweiz-2023\/\">Wyniger Gruppe nominiert f\u00fcr \u00ab\u00a0Prix SVC Nordschweiz 2023\u00a0\u00bb<\/a><\/h5><p itemprop=\"description\" class=\"q_masonry_blog_excerpt\">&nbsp; Die Wyniger Gruppe ist als einziges Unternehmen im Bereich Beherbergung unter den f\u00fcnf Finalisten des \u00ab\u00a0Prix SVC Nordschweiz 2023\u00a0\u00bb. Der Preis des Unternehmernetzwerks Swiss Venture Club (SVC) zeichnet vorbildliche KMUs aus, die durch ihre innovativen Produkte und Dienstleistungen sowie Firmenkultur \u00fcberzeugen. Gef\u00fchrt wird die......<\/p><div class=\"q_masonry_blog_post_info\"><span itemprop=\"dateCreated\" class=\"time entry_date updated\">16 ao\u00fbt, 2023<meta itemprop=\"interactionCount\" content=\"UserComments: <?php echo get_comments_number(qode_get_page_id()); ?>\"\/><\/span><\/div><\/div><\/article><article  class='post-8048 post type-post status-publish format-standard hentry category-mitglieder-news-fr category-nouvelles-des-membres '><div class=\"q_masonry_blog_post_image\"><\/div><div class=\"q_masonry_blog_post_text\"><h5 itemprop=\"name\" class=\"q_masonry_blog_title entry_title\"><a itemprop=\"url\" href=\"https:\/\/www.leadersclub.ch\/fr\/2025\/12\/10\/tenzin-tibatsang-ist-zuercher-des-jahres-2025\/\">Tenzin Tibatsang est Zurichois de l&rsquo;ann\u00e9e 2025<\/a><\/h5><p itemprop=\"description\" class=\"q_masonry_blog_excerpt\">En d\u00e9cembre, notre membre Tenzin Tibatsang a re\u00e7u le prix du Zurichois de l&rsquo;ann\u00e9e. Nous le f\u00e9licitons chaleureusement! Vous trouverez ci-dessous les articles. Z\u00fcri Awards LinkedIn Tenzin Tibatsang...<\/p><div class=\"q_masonry_blog_post_info\"><span itemprop=\"dateCreated\" class=\"time entry_date updated\">10 d\u00e9cembre, 2025<meta itemprop=\"interactionCount\" content=\"UserComments: <?php echo get_comments_number(qode_get_page_id()); ?>\"\/><\/span><\/div><\/div><\/article><article  class='post-7989 post type-post status-publish format-standard hentry category-nouvelles-des-membres '><div class=\"q_masonry_blog_post_image\"><\/div><div class=\"q_masonry_blog_post_text\"><h5 itemprop=\"name\" class=\"q_masonry_blog_title entry_title\"><a itemprop=\"url\" href=\"https:\/\/www.leadersclub.ch\/fr\/2025\/11\/18\/rolf-hiltl-nous-ne-tuerons-jamais-danimaux-pour-nos-restaurants\/\">Rolf Hiltl: \u00abNous ne tuerons jamais d\u2019animaux pour nos restaurants\u00bb<\/a><\/h5><p itemprop=\"description\" class=\"q_masonry_blog_excerpt\">Dans le dernier num\u00e9ro de hotelrevue, notre membre Rolf Hiltl nous livre un aper\u00e7u passionnant de sa vision de la gastronomie durable, de l&rsquo;alimentation saine et de la cuisine v\u00e9g\u00e9tarienne. Vous trouverez l&rsquo;article ci-dessous. htr_Rolf Hiltl_FR...<\/p><div class=\"q_masonry_blog_post_info\"><span itemprop=\"dateCreated\" class=\"time entry_date updated\">18 novembre, 2025<meta itemprop=\"interactionCount\" content=\"UserComments: <?php echo get_comments_number(qode_get_page_id()); ?>\"\/><\/span><\/div><\/div><\/article><article  class='post-1540 post type-post status-publish format-standard hentry category-nouvelles-des-membres '><div class=\"q_masonry_blog_post_image\"><\/div><div class=\"q_masonry_blog_post_text\"><h5 itemprop=\"name\" class=\"q_masonry_blog_title entry_title\"><a itemprop=\"url\" href=\"https:\/\/www.leadersclub.ch\/fr\/2018\/06\/20\/rice-up-a-gagne-la-palme-dor-a-paris\/\">Rice Up! a gagn\u00e9 la Palme d\u2018Or \u00e0 Paris<\/a><\/h5><p itemprop=\"description\" class=\"q_masonry_blog_excerpt\">L&rsquo;article swiss cuisine...<\/p><div class=\"q_masonry_blog_post_info\"><span itemprop=\"dateCreated\" class=\"time entry_date updated\">20 juin, 2018<meta itemprop=\"interactionCount\" content=\"UserComments: <?php echo get_comments_number(qode_get_page_id()); ?>\"\/><\/span><\/div><\/div><\/article><article  class='post-7846 post type-post status-publish format-standard hentry category-mitglieder-news-fr category-nouvelles-des-membres '><div class=\"q_masonry_blog_post_image\"><\/div><div class=\"q_masonry_blog_post_text\"><h5 itemprop=\"name\" class=\"q_masonry_blog_title entry_title\"><a itemprop=\"url\" href=\"https:\/\/www.leadersclub.ch\/fr\/2025\/09\/29\/perspectives-pour-lhotellerie-restauration-leconomie-et-la-societe\/\">Perspectives pour l&rsquo;h\u00f4tellerie-restauration, l&rsquo;\u00e9conomie et la soci\u00e9t\u00e9<\/a><\/h5><p itemprop=\"description\" class=\"q_masonry_blog_excerpt\">Dans le dernier magazine Gourmet, Beat Imhof, membre de notre association, dresse un premier bilan apr\u00e8s un an \u00e0 la pr\u00e9sidence de GastroSuisse. Cliquez ici pour lire l&rsquo;article....<\/p><div class=\"q_masonry_blog_post_info\"><span itemprop=\"dateCreated\" class=\"time entry_date updated\">29 septembre, 2025<meta itemprop=\"interactionCount\" content=\"UserComments: <?php echo get_comments_number(qode_get_page_id()); ?>\"\/><\/span><\/div><\/div><\/article><article  class='post-7479 post type-post status-publish format-standard hentry category-mitglieder-news-fr category-nouvelles-des-membres '><div class=\"q_masonry_blog_post_image\"><\/div><div class=\"q_masonry_blog_post_text\"><h5 itemprop=\"name\" class=\"q_masonry_blog_title entry_title\"><a itemprop=\"url\" href=\"https:\/\/www.leadersclub.ch\/fr\/2025\/01\/31\/cas-excellence-in-gastronomy\/\">Offre de formation continue &#8211; CAS Excellence in Gastronomy<\/a><\/h5><p itemprop=\"description\" class=\"q_masonry_blog_excerpt\">Au nom du SGG, nous souhaitons attirer votre attention sur une nouvelle formation tr\u00e8s int\u00e9ressante destin\u00e9e \u00e0 vos cadres dirigeants. L\u2019Association des Grandes Entreprises Suisses de la Gastronomie (SGG), dont certains d\u2019entre vous sont membres, a lanc\u00e9 cette formation continue sp\u00e9cialement con\u00e7ue pour les cadres......<\/p><div class=\"q_masonry_blog_post_info\"><span itemprop=\"dateCreated\" class=\"time entry_date updated\">31 janvier, 2025<meta itemprop=\"interactionCount\" content=\"UserComments: <?php echo get_comments_number(qode_get_page_id()); ?>\"\/><\/span><\/div><\/div><\/article><\/div>[\/vc_column][\/vc_row][vc_row css_animation=\u00a0\u00bb\u00a0\u00bb row_type=\u00a0\u00bbrow\u00a0\u00bb use_row_as_full_screen_section=\u00a0\u00bbno\u00a0\u00bb type=\u00a0\u00bbfull_width\u00a0\u00bb angled_section=\u00a0\u00bbno\u00a0\u00bb text_align=\u00a0\u00bbleft\u00a0\u00bb background_image_as_pattern=\u00a0\u00bbwithout_pattern\u00a0\u00bb][vc_column][vc_empty_space height=\u00a0\u00bb200px\u00a0\u00bb][\/vc_column][\/vc_row]\n<\/div>","protected":false},"excerpt":{"rendered":"<p>[vc_row css_animation=\u00a0\u00bb\u00a0\u00bb row_type=\u00a0\u00bbrow\u00a0\u00bb use_row_as_full_screen_section=\u00a0\u00bbno\u00a0\u00bb type=\u00a0\u00bbfull_width\u00a0\u00bb angled_section=\u00a0\u00bbno\u00a0\u00bb text_align=\u00a0\u00bbleft\u00a0\u00bb background_image_as_pattern=\u00a0\u00bbwithout_pattern\u00a0\u00bb][vc_column][vc_empty_space height=\u00a0\u00bb75px\u00a0\u00bb][\/vc_column][\/vc_row][vc_row css_animation=\u00a0\u00bb\u00a0\u00bb row_type=\u00a0\u00bbrow\u00a0\u00bb use_row_as_full_screen_section=\u00a0\u00bbno\u00a0\u00bb type=\u00a0\u00bbfull_width\u00a0\u00bb angled_section=\u00a0\u00bbno\u00a0\u00bb text_align=\u00a0\u00bbleft\u00a0\u00bb background_image_as_pattern=\u00a0\u00bbwithout_pattern\u00a0\u00bb][vc_column][vc_column_text] Nouvelles des membres [\/vc_column_text][vc_separator type=\u00a0\u00bbnormal\u00a0\u00bb color=\u00a0\u00bb#fecc00&Prime;][vc_empty_space height=\u00a0\u00bb100px\u00a0\u00bb][\/vc_column][\/vc_row][vc_row css_animation=\u00a0\u00bb\u00a0\u00bb row_type=\u00a0\u00bbrow\u00a0\u00bb use_row_as_full_screen_section=\u00a0\u00bbno\u00a0\u00bb type=\u00a0\u00bbfull_width\u00a0\u00bb angled_section=\u00a0\u00bbno\u00a0\u00bb text_align=\u00a0\u00bbleft\u00a0\u00bb background_image_as_pattern=\u00a0\u00bbwithout_pattern\u00a0\u00bb][vc_column][\/vc_column][\/vc_row][vc_row css_animation=\u00a0\u00bb\u00a0\u00bb row_type=\u00a0\u00bbrow\u00a0\u00bb use_row_as_full_screen_section=\u00a0\u00bbno\u00a0\u00bb type=\u00a0\u00bbfull_width\u00a0\u00bb angled_section=\u00a0\u00bbno\u00a0\u00bb text_align=\u00a0\u00bbleft\u00a0\u00bb background_image_as_pattern=\u00a0\u00bbwithout_pattern\u00a0\u00bb][vc_column][vc_empty_space height=\u00a0\u00bb200px\u00a0\u00bb][\/vc_column][\/vc_row]<\/p>\n","protected":false},"author":6,"featured_media":0,"parent":0,"menu_order":0,"comment_status":"closed","ping_status":"closed","template":"","meta":{"footnotes":""},"class_list":["post-1451","page","type-page","status-publish","hentry"],"yoast_head":"<!-- This site is optimized with the Yoast SEO plugin v27.0 - https:\/\/yoast.com\/product\/yoast-seo-wordpress\/ -->\n<title>NOUVELLES DES MEMBRES - Leaders Club Switzerland<\/title>\n<meta name=\"robots\" content=\"index, follow, max-snippet:-1, max-image-preview:large, max-video-preview:-1\" \/>\n<link rel=\"canonical\" href=\"https:\/\/www.leadersclub.ch\/fr\/nouvelles-des-membres\/\" \/>\n<meta property=\"og:locale\" content=\"fr_FR\" \/>\n<meta property=\"og:type\" content=\"article\" \/>\n<meta property=\"og:title\" content=\"NOUVELLES DES MEMBRES - Leaders Club Switzerland\" \/>\n<meta property=\"og:description\" content=\"[vc_row css_animation=\u00a0\u00bb\u00a0\u00bb row_type=\u00a0\u00bbrow\u00a0\u00bb use_row_as_full_screen_section=\u00a0\u00bbno\u00a0\u00bb type=\u00a0\u00bbfull_width\u00a0\u00bb angled_section=\u00a0\u00bbno\u00a0\u00bb text_align=\u00a0\u00bbleft\u00a0\u00bb background_image_as_pattern=\u00a0\u00bbwithout_pattern\u00a0\u00bb][vc_column][vc_empty_space height=\u00a0\u00bb75px\u00a0\u00bb][\/vc_column][\/vc_row][vc_row css_animation=\u00a0\u00bb\u00a0\u00bb row_type=\u00a0\u00bbrow\u00a0\u00bb use_row_as_full_screen_section=\u00a0\u00bbno\u00a0\u00bb type=\u00a0\u00bbfull_width\u00a0\u00bb angled_section=\u00a0\u00bbno\u00a0\u00bb text_align=\u00a0\u00bbleft\u00a0\u00bb background_image_as_pattern=\u00a0\u00bbwithout_pattern\u00a0\u00bb][vc_column][vc_column_text] Nouvelles des membres [\/vc_column_text][vc_separator type=\u00a0\u00bbnormal\u00a0\u00bb color=\u00a0\u00bb#fecc00&Prime;][vc_empty_space height=\u00a0\u00bb100px\u00a0\u00bb][\/vc_column][\/vc_row][vc_row css_animation=\u00a0\u00bb\u00a0\u00bb row_type=\u00a0\u00bbrow\u00a0\u00bb use_row_as_full_screen_section=\u00a0\u00bbno\u00a0\u00bb type=\u00a0\u00bbfull_width\u00a0\u00bb angled_section=\u00a0\u00bbno\u00a0\u00bb text_align=\u00a0\u00bbleft\u00a0\u00bb background_image_as_pattern=\u00a0\u00bbwithout_pattern\u00a0\u00bb][vc_column][\/vc_column][\/vc_row][vc_row css_animation=\u00a0\u00bb\u00a0\u00bb row_type=\u00a0\u00bbrow\u00a0\u00bb use_row_as_full_screen_section=\u00a0\u00bbno\u00a0\u00bb type=\u00a0\u00bbfull_width\u00a0\u00bb angled_section=\u00a0\u00bbno\u00a0\u00bb text_align=\u00a0\u00bbleft\u00a0\u00bb background_image_as_pattern=\u00a0\u00bbwithout_pattern\u00a0\u00bb][vc_column][vc_empty_space height=\u00a0\u00bb200px\u00a0\u00bb][\/vc_column][\/vc_row]\" \/>\n<meta property=\"og:url\" content=\"https:\/\/www.leadersclub.ch\/fr\/nouvelles-des-membres\/\" \/>\n<meta property=\"og:site_name\" content=\"Leaders Club Switzerland\" \/>\n<meta property=\"article:publisher\" content=\"https:\/\/www.facebook.com\/LeadersClubSwitzerland\/\" \/>\n<meta property=\"article:modified_time\" content=\"2024-05-21T06:40:25+00:00\" \/>\n<meta name=\"twitter:card\" content=\"summary_large_image\" \/>\n<meta name=\"twitter:label1\" content=\"Dur\u00e9e de lecture estim\u00e9e\" \/>\n\t<meta name=\"twitter:data1\" content=\"1 minute\" \/>\n<script type=\"application\/ld+json\" class=\"yoast-schema-graph\">{\"@context\":\"https:\/\/schema.org\",\"@graph\":[{\"@type\":\"WebPage\",\"@id\":\"https:\/\/www.leadersclub.ch\/fr\/nouvelles-des-membres\/\",\"url\":\"https:\/\/www.leadersclub.ch\/fr\/nouvelles-des-membres\/\",\"name\":\"NOUVELLES DES MEMBRES - Leaders Club Switzerland\",\"isPartOf\":{\"@id\":\"https:\/\/www.leadersclub.ch\/#website\"},\"datePublished\":\"2018-06-13T14:41:23+00:00\",\"dateModified\":\"2024-05-21T06:40:25+00:00\",\"breadcrumb\":{\"@id\":\"https:\/\/www.leadersclub.ch\/fr\/nouvelles-des-membres\/#breadcrumb\"},\"inLanguage\":\"fr-FR\",\"potentialAction\":[{\"@type\":\"ReadAction\",\"target\":[\"https:\/\/www.leadersclub.ch\/fr\/nouvelles-des-membres\/\"]}]},{\"@type\":\"BreadcrumbList\",\"@id\":\"https:\/\/www.leadersclub.ch\/fr\/nouvelles-des-membres\/#breadcrumb\",\"itemListElement\":[{\"@type\":\"ListItem\",\"position\":1,\"name\":\"Home\",\"item\":\"https:\/\/www.leadersclub.ch\/fr\/\"},{\"@type\":\"ListItem\",\"position\":2,\"name\":\"NOUVELLES DES MEMBRES\"}]},{\"@type\":\"WebSite\",\"@id\":\"https:\/\/www.leadersclub.ch\/#website\",\"url\":\"https:\/\/www.leadersclub.ch\/\",\"name\":\"Leaders Club Switzerland\",\"description\":\"\",\"publisher\":{\"@id\":\"https:\/\/www.leadersclub.ch\/#organization\"},\"potentialAction\":[{\"@type\":\"SearchAction\",\"target\":{\"@type\":\"EntryPoint\",\"urlTemplate\":\"https:\/\/www.leadersclub.ch\/?s={search_term_string}\"},\"query-input\":{\"@type\":\"PropertyValueSpecification\",\"valueRequired\":true,\"valueName\":\"search_term_string\"}}],\"inLanguage\":\"fr-FR\"},{\"@type\":\"Organization\",\"@id\":\"https:\/\/www.leadersclub.ch\/#organization\",\"name\":\"Leaders Club Switzerland\",\"url\":\"https:\/\/www.leadersclub.ch\/\",\"logo\":{\"@type\":\"ImageObject\",\"inLanguage\":\"fr-FR\",\"@id\":\"https:\/\/www.leadersclub.ch\/#\/schema\/logo\/image\/\",\"url\":\"https:\/\/www.leadersclub.ch\/wp-content\/uploads\/2018\/02\/LSS_LOGO.png\",\"contentUrl\":\"https:\/\/www.leadersclub.ch\/wp-content\/uploads\/2018\/02\/LSS_LOGO.png\",\"width\":259,\"height\":40,\"caption\":\"Leaders Club Switzerland\"},\"image\":{\"@id\":\"https:\/\/www.leadersclub.ch\/#\/schema\/logo\/image\/\"},\"sameAs\":[\"https:\/\/www.facebook.com\/LeadersClubSwitzerland\/\"]}]}<\/script>\n<!-- \/ Yoast SEO plugin. -->","yoast_head_json":{"title":"NOUVELLES DES MEMBRES - Leaders Club Switzerland","robots":{"index":"index","follow":"follow","max-snippet":"max-snippet:-1","max-image-preview":"max-image-preview:large","max-video-preview":"max-video-preview:-1"},"canonical":"https:\/\/www.leadersclub.ch\/fr\/nouvelles-des-membres\/","og_locale":"fr_FR","og_type":"article","og_title":"NOUVELLES DES MEMBRES - Leaders Club Switzerland","og_description":"[vc_row css_animation=\u00a0\u00bb\u00a0\u00bb row_type=\u00a0\u00bbrow\u00a0\u00bb use_row_as_full_screen_section=\u00a0\u00bbno\u00a0\u00bb type=\u00a0\u00bbfull_width\u00a0\u00bb angled_section=\u00a0\u00bbno\u00a0\u00bb text_align=\u00a0\u00bbleft\u00a0\u00bb background_image_as_pattern=\u00a0\u00bbwithout_pattern\u00a0\u00bb][vc_column][vc_empty_space height=\u00a0\u00bb75px\u00a0\u00bb][\/vc_column][\/vc_row][vc_row css_animation=\u00a0\u00bb\u00a0\u00bb row_type=\u00a0\u00bbrow\u00a0\u00bb use_row_as_full_screen_section=\u00a0\u00bbno\u00a0\u00bb type=\u00a0\u00bbfull_width\u00a0\u00bb angled_section=\u00a0\u00bbno\u00a0\u00bb text_align=\u00a0\u00bbleft\u00a0\u00bb background_image_as_pattern=\u00a0\u00bbwithout_pattern\u00a0\u00bb][vc_column][vc_column_text] Nouvelles des membres [\/vc_column_text][vc_separator type=\u00a0\u00bbnormal\u00a0\u00bb color=\u00a0\u00bb#fecc00&Prime;][vc_empty_space height=\u00a0\u00bb100px\u00a0\u00bb][\/vc_column][\/vc_row][vc_row css_animation=\u00a0\u00bb\u00a0\u00bb row_type=\u00a0\u00bbrow\u00a0\u00bb use_row_as_full_screen_section=\u00a0\u00bbno\u00a0\u00bb type=\u00a0\u00bbfull_width\u00a0\u00bb angled_section=\u00a0\u00bbno\u00a0\u00bb text_align=\u00a0\u00bbleft\u00a0\u00bb background_image_as_pattern=\u00a0\u00bbwithout_pattern\u00a0\u00bb][vc_column][\/vc_column][\/vc_row][vc_row css_animation=\u00a0\u00bb\u00a0\u00bb row_type=\u00a0\u00bbrow\u00a0\u00bb use_row_as_full_screen_section=\u00a0\u00bbno\u00a0\u00bb type=\u00a0\u00bbfull_width\u00a0\u00bb angled_section=\u00a0\u00bbno\u00a0\u00bb text_align=\u00a0\u00bbleft\u00a0\u00bb background_image_as_pattern=\u00a0\u00bbwithout_pattern\u00a0\u00bb][vc_column][vc_empty_space height=\u00a0\u00bb200px\u00a0\u00bb][\/vc_column][\/vc_row]","og_url":"https:\/\/www.leadersclub.ch\/fr\/nouvelles-des-membres\/","og_site_name":"Leaders Club Switzerland","article_publisher":"https:\/\/www.facebook.com\/LeadersClubSwitzerland\/","article_modified_time":"2024-05-21T06:40:25+00:00","twitter_card":"summary_large_image","twitter_misc":{"Dur\u00e9e de lecture estim\u00e9e":"1 minute"},"schema":{"@context":"https:\/\/schema.org","@graph":[{"@type":"WebPage","@id":"https:\/\/www.leadersclub.ch\/fr\/nouvelles-des-membres\/","url":"https:\/\/www.leadersclub.ch\/fr\/nouvelles-des-membres\/","name":"NOUVELLES DES MEMBRES - Leaders Club Switzerland","isPartOf":{"@id":"https:\/\/www.leadersclub.ch\/#website"},"datePublished":"2018-06-13T14:41:23+00:00","dateModified":"2024-05-21T06:40:25+00:00","breadcrumb":{"@id":"https:\/\/www.leadersclub.ch\/fr\/nouvelles-des-membres\/#breadcrumb"},"inLanguage":"fr-FR","potentialAction":[{"@type":"ReadAction","target":["https:\/\/www.leadersclub.ch\/fr\/nouvelles-des-membres\/"]}]},{"@type":"BreadcrumbList","@id":"https:\/\/www.leadersclub.ch\/fr\/nouvelles-des-membres\/#breadcrumb","itemListElement":[{"@type":"ListItem","position":1,"name":"Home","item":"https:\/\/www.leadersclub.ch\/fr\/"},{"@type":"ListItem","position":2,"name":"NOUVELLES DES MEMBRES"}]},{"@type":"WebSite","@id":"https:\/\/www.leadersclub.ch\/#website","url":"https:\/\/www.leadersclub.ch\/","name":"Leaders Club Switzerland","description":"","publisher":{"@id":"https:\/\/www.leadersclub.ch\/#organization"},"potentialAction":[{"@type":"SearchAction","target":{"@type":"EntryPoint","urlTemplate":"https:\/\/www.leadersclub.ch\/?s={search_term_string}"},"query-input":{"@type":"PropertyValueSpecification","valueRequired":true,"valueName":"search_term_string"}}],"inLanguage":"fr-FR"},{"@type":"Organization","@id":"https:\/\/www.leadersclub.ch\/#organization","name":"Leaders Club Switzerland","url":"https:\/\/www.leadersclub.ch\/","logo":{"@type":"ImageObject","inLanguage":"fr-FR","@id":"https:\/\/www.leadersclub.ch\/#\/schema\/logo\/image\/","url":"https:\/\/www.leadersclub.ch\/wp-content\/uploads\/2018\/02\/LSS_LOGO.png","contentUrl":"https:\/\/www.leadersclub.ch\/wp-content\/uploads\/2018\/02\/LSS_LOGO.png","width":259,"height":40,"caption":"Leaders Club Switzerland"},"image":{"@id":"https:\/\/www.leadersclub.ch\/#\/schema\/logo\/image\/"},"sameAs":["https:\/\/www.facebook.com\/LeadersClubSwitzerland\/"]}]}},"_links":{"self":[{"href":"https:\/\/www.leadersclub.ch\/fr\/wp-json\/wp\/v2\/pages\/1451","targetHints":{"allow":["GET"]}}],"collection":[{"href":"https:\/\/www.leadersclub.ch\/fr\/wp-json\/wp\/v2\/pages"}],"about":[{"href":"https:\/\/www.leadersclub.ch\/fr\/wp-json\/wp\/v2\/types\/page"}],"author":[{"embeddable":true,"href":"https:\/\/www.leadersclub.ch\/fr\/wp-json\/wp\/v2\/users\/6"}],"replies":[{"embeddable":true,"href":"https:\/\/www.leadersclub.ch\/fr\/wp-json\/wp\/v2\/comments?post=1451"}],"version-history":[{"count":3,"href":"https:\/\/www.leadersclub.ch\/fr\/wp-json\/wp\/v2\/pages\/1451\/revisions"}],"predecessor-version":[{"id":6840,"href":"https:\/\/www.leadersclub.ch\/fr\/wp-json\/wp\/v2\/pages\/1451\/revisions\/6840"}],"wp:attachment":[{"href":"https:\/\/www.leadersclub.ch\/fr\/wp-json\/wp\/v2\/media?parent=1451"}],"curies":[{"name":"wp","href":"https:\/\/api.w.org\/{rel}","templated":true}]}}