{"id":1431,"date":"2018-06-13T14:03:52","date_gmt":"2018-06-13T13:03:52","guid":{"rendered":"https:\/\/www.leadersclub.ch\/tete-de-mat\/"},"modified":"2022-02-02T08:27:50","modified_gmt":"2022-02-02T07:27:50","slug":"tete-de-mat","status":"publish","type":"page","link":"https:\/\/www.leadersclub.ch\/fr\/tete-de-mat\/","title":{"rendered":"IMPRESSUM"},"content":{"rendered":"<div class=\"wpb-content-wrapper\">[vc_row css_animation=\u00a0\u00bb\u00a0\u00bb row_type=\u00a0\u00bbrow\u00a0\u00bb use_row_as_full_screen_section=\u00a0\u00bbno\u00a0\u00bb type=\u00a0\u00bbfull_width\u00a0\u00bb angled_section=\u00a0\u00bbno\u00a0\u00bb text_align=\u00a0\u00bbleft\u00a0\u00bb background_image_as_pattern=\u00a0\u00bbwithout_pattern\u00a0\u00bb][vc_column width=\u00a0\u00bb2\/3&Prime;][vc_column_text]\n<h2>IMPRESSUM<\/h2>\n[\/vc_column_text][vc_separator type=\u00a0\u00bbsmall\u00a0\u00bb position=\u00a0\u00bbleft\u00a0\u00bb][vc_column_text]<strong>Adresse de contact<\/strong><br \/>\nLeaders Club Switzerland<br \/>\nUferweg 17<br \/>\n3013 Berne<br \/>\nSuisse<br \/>\n<a href=\"mailto:info@leadersclub.ch\">info@leadersclub.ch<\/a><\/p>\n<p>Repr\u00e9sentants autoris\u00e9s<br \/>\nAndreas Schneider<br \/>\nCommunication et PR<\/p>\n<p><strong>Exclusion de responsabilit\u00e9<\/strong><br \/>\nL&rsquo;auteur se r\u00e9serve le droit de ne pas \u00eatre responsable de l&rsquo;actualit\u00e9, de l&rsquo;exactitude, de l&rsquo;exhaustivit\u00e9, de la fiabilit\u00e9 ou de la qualit\u00e9 des informations fournies.<br \/>\nToute revendication de responsabilit\u00e9 contre l&rsquo;auteur pour des dommages mat\u00e9riels ou immat\u00e9riels r\u00e9sultant de l&rsquo;acc\u00e8s ou de l&rsquo;utilisation ou de la non-utilisation des informations publi\u00e9es, d&rsquo;une mauvaise utilisation de la connexion ou de d\u00e9fauts techniques est exclue.<br \/>\nToutes les offres sont sans engagement. L&rsquo;auteur se r\u00e9serve express\u00e9ment le droit de modifier, compl\u00e9ter ou supprimer des parties des pages ou l&rsquo;ensemble de l&rsquo;offre sans annonce s\u00e9par\u00e9e ou de cesser temporairement ou d\u00e9finitivement la publication.<\/p>\n<p><strong>Responsabilit\u00e9 pour les liens<\/strong><br \/>\nLes r\u00e9f\u00e9rences et les liens vers des sites Web de tiers se situent en dehors de notre zone de responsabilit\u00e9 et aucune responsabilit\u00e9 n&rsquo;est accept\u00e9e pour de tels sites Web. L&rsquo;acc\u00e8s \u00e0 ces sites Web et leur utilisation se font aux risques et p\u00e9rils de l&rsquo;utilisateur.<\/p>\n<p><strong>Droits d&rsquo;auteur<\/strong><br \/>\nLes droits d&rsquo;auteur et tous les autres droits sur le contenu, les images, les photos ou autres fichiers du site web appartiennent exclusivement \u00e0 Leaders Club Switzerland ou aux propri\u00e9taires sp\u00e9cifiquement d\u00e9sign\u00e9s. Le consentement \u00e9crit des d\u00e9tenteurs de droits d&rsquo;auteur doit \u00eatre obtenu \u00e0 l&rsquo;avance pour la reproduction de tout \u00e9l\u00e9ment.<\/p>\n<p><strong>Source<\/strong><br \/>\nCette empreinte a \u00e9t\u00e9 cr\u00e9\u00e9e le 27.02.2018 avec le g\u00e9n\u00e9rateur d&rsquo;impressum\u00a0\u00a0<a href=\"http:\/\/www.bag.ch\/impressum-generator\" target=\"_blank\" rel=\"noopener\">http:\/\/www.bag.ch\/impressum-generator<\/a>\u00a0de Brunner Medien AG \u00e0 Kriens. Brunner Medien AG \u00e0 Kriens d\u00e9cline toute responsabilit\u00e9.[\/vc_column_text][\/vc_column][vc_column width=\u00a0\u00bb1\/3&Prime;][\/vc_column][\/vc_row][vc_row css_animation=\u00a0\u00bb\u00a0\u00bb row_type=\u00a0\u00bbrow\u00a0\u00bb use_row_as_full_screen_section=\u00a0\u00bbno\u00a0\u00bb type=\u00a0\u00bbfull_width\u00a0\u00bb angled_section=\u00a0\u00bbno\u00a0\u00bb text_align=\u00a0\u00bbleft\u00a0\u00bb background_image_as_pattern=\u00a0\u00bbwithout_pattern\u00a0\u00bb][vc_column][vc_empty_space height=\u00a0\u00bb200px\u00a0\u00bb][\/vc_column][\/vc_row]\n<\/div>","protected":false},"excerpt":{"rendered":"<p>[vc_row css_animation=\u00a0\u00bb\u00a0\u00bb row_type=\u00a0\u00bbrow\u00a0\u00bb use_row_as_full_screen_section=\u00a0\u00bbno\u00a0\u00bb type=\u00a0\u00bbfull_width\u00a0\u00bb angled_section=\u00a0\u00bbno\u00a0\u00bb text_align=\u00a0\u00bbleft\u00a0\u00bb background_image_as_pattern=\u00a0\u00bbwithout_pattern\u00a0\u00bb][vc_column width=\u00a0\u00bb2\/3&Prime;][vc_column_text] IMPRESSUM [\/vc_column_text][vc_separator type=\u00a0\u00bbsmall\u00a0\u00bb position=\u00a0\u00bbleft\u00a0\u00bb][vc_column_text]Adresse de contact Leaders Club Switzerland Uferweg 17 3013 Berne Suisse info@leadersclub.ch Repr\u00e9sentants autoris\u00e9s Andreas Schneider Communication et PR Exclusion de responsabilit\u00e9 L&rsquo;auteur se r\u00e9serve le droit de ne pas \u00eatre responsable de&#8230;<\/p>\n","protected":false},"author":6,"featured_media":0,"parent":0,"menu_order":0,"comment_status":"closed","ping_status":"closed","template":"","meta":{"footnotes":""},"class_list":["post-1431","page","type-page","status-publish","hentry"],"yoast_head":"<!-- This site is optimized with the Yoast SEO plugin v27.0 - https:\/\/yoast.com\/product\/yoast-seo-wordpress\/ -->\n<title>IMPRESSUM - Leaders Club Switzerland<\/title>\n<meta name=\"robots\" content=\"index, follow, max-snippet:-1, max-image-preview:large, max-video-preview:-1\" \/>\n<link rel=\"canonical\" href=\"https:\/\/www.leadersclub.ch\/fr\/tete-de-mat\/\" \/>\n<meta property=\"og:locale\" content=\"fr_FR\" \/>\n<meta property=\"og:type\" content=\"article\" \/>\n<meta property=\"og:title\" content=\"IMPRESSUM - Leaders Club Switzerland\" \/>\n<meta property=\"og:description\" content=\"[vc_row css_animation=\u00a0\u00bb\u00a0\u00bb row_type=\u00a0\u00bbrow\u00a0\u00bb use_row_as_full_screen_section=\u00a0\u00bbno\u00a0\u00bb type=\u00a0\u00bbfull_width\u00a0\u00bb angled_section=\u00a0\u00bbno\u00a0\u00bb text_align=\u00a0\u00bbleft\u00a0\u00bb background_image_as_pattern=\u00a0\u00bbwithout_pattern\u00a0\u00bb][vc_column width=\u00a0\u00bb2\/3&Prime;][vc_column_text] IMPRESSUM [\/vc_column_text][vc_separator type=\u00a0\u00bbsmall\u00a0\u00bb position=\u00a0\u00bbleft\u00a0\u00bb][vc_column_text]Adresse de contact Leaders Club Switzerland Uferweg 17 3013 Berne Suisse info@leadersclub.ch Repr\u00e9sentants autoris\u00e9s Andreas Schneider Communication et PR Exclusion de responsabilit\u00e9 L&rsquo;auteur se r\u00e9serve le droit de ne pas \u00eatre responsable de...\" \/>\n<meta property=\"og:url\" content=\"https:\/\/www.leadersclub.ch\/fr\/tete-de-mat\/\" \/>\n<meta property=\"og:site_name\" content=\"Leaders Club Switzerland\" \/>\n<meta property=\"article:publisher\" content=\"https:\/\/www.facebook.com\/LeadersClubSwitzerland\/\" \/>\n<meta property=\"article:modified_time\" content=\"2022-02-02T07:27:50+00:00\" \/>\n<meta name=\"twitter:card\" content=\"summary_large_image\" \/>\n<meta name=\"twitter:label1\" content=\"Dur\u00e9e de lecture estim\u00e9e\" \/>\n\t<meta name=\"twitter:data1\" content=\"2 minutes\" \/>\n<script type=\"application\/ld+json\" class=\"yoast-schema-graph\">{\"@context\":\"https:\/\/schema.org\",\"@graph\":[{\"@type\":\"WebPage\",\"@id\":\"https:\/\/www.leadersclub.ch\/fr\/tete-de-mat\/\",\"url\":\"https:\/\/www.leadersclub.ch\/fr\/tete-de-mat\/\",\"name\":\"IMPRESSUM - Leaders Club Switzerland\",\"isPartOf\":{\"@id\":\"https:\/\/www.leadersclub.ch\/#website\"},\"datePublished\":\"2018-06-13T13:03:52+00:00\",\"dateModified\":\"2022-02-02T07:27:50+00:00\",\"breadcrumb\":{\"@id\":\"https:\/\/www.leadersclub.ch\/fr\/tete-de-mat\/#breadcrumb\"},\"inLanguage\":\"fr-FR\",\"potentialAction\":[{\"@type\":\"ReadAction\",\"target\":[\"https:\/\/www.leadersclub.ch\/fr\/tete-de-mat\/\"]}]},{\"@type\":\"BreadcrumbList\",\"@id\":\"https:\/\/www.leadersclub.ch\/fr\/tete-de-mat\/#breadcrumb\",\"itemListElement\":[{\"@type\":\"ListItem\",\"position\":1,\"name\":\"Home\",\"item\":\"https:\/\/www.leadersclub.ch\/fr\/\"},{\"@type\":\"ListItem\",\"position\":2,\"name\":\"IMPRESSUM\"}]},{\"@type\":\"WebSite\",\"@id\":\"https:\/\/www.leadersclub.ch\/#website\",\"url\":\"https:\/\/www.leadersclub.ch\/\",\"name\":\"Leaders Club Switzerland\",\"description\":\"\",\"publisher\":{\"@id\":\"https:\/\/www.leadersclub.ch\/#organization\"},\"potentialAction\":[{\"@type\":\"SearchAction\",\"target\":{\"@type\":\"EntryPoint\",\"urlTemplate\":\"https:\/\/www.leadersclub.ch\/?s={search_term_string}\"},\"query-input\":{\"@type\":\"PropertyValueSpecification\",\"valueRequired\":true,\"valueName\":\"search_term_string\"}}],\"inLanguage\":\"fr-FR\"},{\"@type\":\"Organization\",\"@id\":\"https:\/\/www.leadersclub.ch\/#organization\",\"name\":\"Leaders Club Switzerland\",\"url\":\"https:\/\/www.leadersclub.ch\/\",\"logo\":{\"@type\":\"ImageObject\",\"inLanguage\":\"fr-FR\",\"@id\":\"https:\/\/www.leadersclub.ch\/#\/schema\/logo\/image\/\",\"url\":\"https:\/\/www.leadersclub.ch\/wp-content\/uploads\/2018\/02\/LSS_LOGO.png\",\"contentUrl\":\"https:\/\/www.leadersclub.ch\/wp-content\/uploads\/2018\/02\/LSS_LOGO.png\",\"width\":259,\"height\":40,\"caption\":\"Leaders Club Switzerland\"},\"image\":{\"@id\":\"https:\/\/www.leadersclub.ch\/#\/schema\/logo\/image\/\"},\"sameAs\":[\"https:\/\/www.facebook.com\/LeadersClubSwitzerland\/\"]}]}<\/script>\n<!-- \/ Yoast SEO plugin. -->","yoast_head_json":{"title":"IMPRESSUM - Leaders Club Switzerland","robots":{"index":"index","follow":"follow","max-snippet":"max-snippet:-1","max-image-preview":"max-image-preview:large","max-video-preview":"max-video-preview:-1"},"canonical":"https:\/\/www.leadersclub.ch\/fr\/tete-de-mat\/","og_locale":"fr_FR","og_type":"article","og_title":"IMPRESSUM - Leaders Club Switzerland","og_description":"[vc_row css_animation=\u00a0\u00bb\u00a0\u00bb row_type=\u00a0\u00bbrow\u00a0\u00bb use_row_as_full_screen_section=\u00a0\u00bbno\u00a0\u00bb type=\u00a0\u00bbfull_width\u00a0\u00bb angled_section=\u00a0\u00bbno\u00a0\u00bb text_align=\u00a0\u00bbleft\u00a0\u00bb background_image_as_pattern=\u00a0\u00bbwithout_pattern\u00a0\u00bb][vc_column width=\u00a0\u00bb2\/3&Prime;][vc_column_text] IMPRESSUM [\/vc_column_text][vc_separator type=\u00a0\u00bbsmall\u00a0\u00bb position=\u00a0\u00bbleft\u00a0\u00bb][vc_column_text]Adresse de contact Leaders Club Switzerland Uferweg 17 3013 Berne Suisse info@leadersclub.ch Repr\u00e9sentants autoris\u00e9s Andreas Schneider Communication et PR Exclusion de responsabilit\u00e9 L&rsquo;auteur se r\u00e9serve le droit de ne pas \u00eatre responsable de...","og_url":"https:\/\/www.leadersclub.ch\/fr\/tete-de-mat\/","og_site_name":"Leaders Club Switzerland","article_publisher":"https:\/\/www.facebook.com\/LeadersClubSwitzerland\/","article_modified_time":"2022-02-02T07:27:50+00:00","twitter_card":"summary_large_image","twitter_misc":{"Dur\u00e9e de lecture estim\u00e9e":"2 minutes"},"schema":{"@context":"https:\/\/schema.org","@graph":[{"@type":"WebPage","@id":"https:\/\/www.leadersclub.ch\/fr\/tete-de-mat\/","url":"https:\/\/www.leadersclub.ch\/fr\/tete-de-mat\/","name":"IMPRESSUM - Leaders Club Switzerland","isPartOf":{"@id":"https:\/\/www.leadersclub.ch\/#website"},"datePublished":"2018-06-13T13:03:52+00:00","dateModified":"2022-02-02T07:27:50+00:00","breadcrumb":{"@id":"https:\/\/www.leadersclub.ch\/fr\/tete-de-mat\/#breadcrumb"},"inLanguage":"fr-FR","potentialAction":[{"@type":"ReadAction","target":["https:\/\/www.leadersclub.ch\/fr\/tete-de-mat\/"]}]},{"@type":"BreadcrumbList","@id":"https:\/\/www.leadersclub.ch\/fr\/tete-de-mat\/#breadcrumb","itemListElement":[{"@type":"ListItem","position":1,"name":"Home","item":"https:\/\/www.leadersclub.ch\/fr\/"},{"@type":"ListItem","position":2,"name":"IMPRESSUM"}]},{"@type":"WebSite","@id":"https:\/\/www.leadersclub.ch\/#website","url":"https:\/\/www.leadersclub.ch\/","name":"Leaders Club Switzerland","description":"","publisher":{"@id":"https:\/\/www.leadersclub.ch\/#organization"},"potentialAction":[{"@type":"SearchAction","target":{"@type":"EntryPoint","urlTemplate":"https:\/\/www.leadersclub.ch\/?s={search_term_string}"},"query-input":{"@type":"PropertyValueSpecification","valueRequired":true,"valueName":"search_term_string"}}],"inLanguage":"fr-FR"},{"@type":"Organization","@id":"https:\/\/www.leadersclub.ch\/#organization","name":"Leaders Club Switzerland","url":"https:\/\/www.leadersclub.ch\/","logo":{"@type":"ImageObject","inLanguage":"fr-FR","@id":"https:\/\/www.leadersclub.ch\/#\/schema\/logo\/image\/","url":"https:\/\/www.leadersclub.ch\/wp-content\/uploads\/2018\/02\/LSS_LOGO.png","contentUrl":"https:\/\/www.leadersclub.ch\/wp-content\/uploads\/2018\/02\/LSS_LOGO.png","width":259,"height":40,"caption":"Leaders Club Switzerland"},"image":{"@id":"https:\/\/www.leadersclub.ch\/#\/schema\/logo\/image\/"},"sameAs":["https:\/\/www.facebook.com\/LeadersClubSwitzerland\/"]}]}},"_links":{"self":[{"href":"https:\/\/www.leadersclub.ch\/fr\/wp-json\/wp\/v2\/pages\/1431","targetHints":{"allow":["GET"]}}],"collection":[{"href":"https:\/\/www.leadersclub.ch\/fr\/wp-json\/wp\/v2\/pages"}],"about":[{"href":"https:\/\/www.leadersclub.ch\/fr\/wp-json\/wp\/v2\/types\/page"}],"author":[{"embeddable":true,"href":"https:\/\/www.leadersclub.ch\/fr\/wp-json\/wp\/v2\/users\/6"}],"replies":[{"embeddable":true,"href":"https:\/\/www.leadersclub.ch\/fr\/wp-json\/wp\/v2\/comments?post=1431"}],"version-history":[{"count":6,"href":"https:\/\/www.leadersclub.ch\/fr\/wp-json\/wp\/v2\/pages\/1431\/revisions"}],"predecessor-version":[{"id":4905,"href":"https:\/\/www.leadersclub.ch\/fr\/wp-json\/wp\/v2\/pages\/1431\/revisions\/4905"}],"wp:attachment":[{"href":"https:\/\/www.leadersclub.ch\/fr\/wp-json\/wp\/v2\/media?parent=1431"}],"curies":[{"name":"wp","href":"https:\/\/api.w.org\/{rel}","templated":true}]}}