{"id":1429,"date":"2018-06-13T14:01:01","date_gmt":"2018-06-13T13:01:01","guid":{"rendered":"https:\/\/www.leadersclub.ch\/?page_id=1429"},"modified":"2022-02-02T08:31:42","modified_gmt":"2022-02-02T07:31:42","slug":"protectiondesdonnees","status":"publish","type":"page","link":"https:\/\/www.leadersclub.ch\/fr\/protectiondesdonnees\/","title":{"rendered":"POLITIQUE DE CONFIDENTIALIT\u00c9"},"content":{"rendered":"<div class=\"wpb-content-wrapper\">[vc_row css_animation=\u00a0\u00bb\u00a0\u00bb row_type=\u00a0\u00bbrow\u00a0\u00bb use_row_as_full_screen_section=\u00a0\u00bbno\u00a0\u00bb type=\u00a0\u00bbfull_width\u00a0\u00bb angled_section=\u00a0\u00bbno\u00a0\u00bb text_align=\u00a0\u00bbleft\u00a0\u00bb background_image_as_pattern=\u00a0\u00bbwithout_pattern\u00a0\u00bb][vc_column width=\u00a0\u00bb2\/3&Prime;][vc_column_text]\n<h2>POLITIQUE DE CONFIDENTALIT\u00c9<\/h2>\n[\/vc_column_text][vc_separator type=\u00a0\u00bbsmall\u00a0\u00bb position=\u00a0\u00bbleft\u00a0\u00bb][vc_column_text]<strong>Champ d\u2019application<\/strong><\/p>\n<p>La pr\u00e9sente d\u00e9claration de protection des donn\u00e9es informe les utilisateurs sur la nature, l&rsquo;\u00e9tendue et les objectifs de la collecte et de l&rsquo;utilisation des donn\u00e9es personnelles par le prestataire responsable (Leaders Club Switzerland, Uferweg 17, 3013 Berne, <a href=\"info@leadersclub.ch\">info@leadersclub.ch<\/a>, Tel. +41 31 924 75 75) sur ce site Internet (ci-apr\u00e8s d\u00e9nomm\u00e9 \u00ab\u00a0offre\u00a0\u00bb).<\/p>\n<p><strong>Donn\u00e9es d\u2019acc\u00e8s\/ fichiers journaux du serveur<\/strong><\/p>\n<p>Le prestataire recueille des donn\u00e9es sur chaque acc\u00e8s \u00e0 l&rsquo;offre (fichiers journaux du serveur). Les donn\u00e9es d&rsquo;acc\u00e8s comprennent :<br \/>\nNom du site Web consult\u00e9, fichier, date et heure de l&rsquo;acc\u00e8s, quantit\u00e9 de donn\u00e9es transf\u00e9r\u00e9es, notification de l&rsquo;acc\u00e8s r\u00e9ussi, type et version du navigateur, syst\u00e8me d&rsquo;exploitation de l&rsquo;utilisateur, URL de r\u00e9f\u00e9rence (la page visit\u00e9e pr\u00e9c\u00e9demment), adresse IP et le fournisseur demandeur.<br \/>\nLe prestataire utilise les donn\u00e9es du protocole uniquement pour des \u00e9valuations statistiques \u00e0 des fins d&rsquo;exploitation, de s\u00e9curit\u00e9 et d&rsquo;optimisation de l&rsquo;offre. Le prestataire se r\u00e9serve toutefois le droit de v\u00e9rifier ult\u00e9rieurement les donn\u00e9es du journal s\u2019il existe, sur la base d\u2019indications concr\u00e8tes, une suspicion justifi\u00e9e d&rsquo;utilisation ill\u00e9gale.<\/p>\n<p><strong>Traitement des donn\u00e9es personnelles<\/strong><\/p>\n<p>Les donn\u00e9es personnelles sont des informations pouvant \u00eatre utilis\u00e9es pour identifier une personne, c&rsquo;est-\u00e0-dire des indications permettant de remonter jusqu&rsquo;\u00e0 une personne. Elles comprennent non seulement le nom, l\u2019adresse e-mail ou le num\u00e9ro de t\u00e9l\u00e9phone, mais \u00e9galement des donn\u00e9es sur les pr\u00e9f\u00e9rences, les loisirs, les adh\u00e9sions ou les sites Web consult\u00e9s par quelqu&rsquo;un, aussi consid\u00e9r\u00e9s comme donn\u00e9es personnelles. Les donn\u00e9es personnelles ne sont collect\u00e9es, utilis\u00e9es et transmises par le prestataire que si la loi l&rsquo;autorise ou si les utilisateurs y consentent. Google Analytics est \u00e9galement utilis\u00e9.<\/p>\n<p>Lorsque nous traitons vos donn\u00e9es personnelles, nous nous effor\u00e7ons de prendre des mesures adapt\u00e9es pour nous assurer de l\u2019exactitude et de l\u2019actualisation en vue des objectifs pour lesquelles elles ont \u00e9t\u00e9 recueillies. Le prestataire vous donne la possibilit\u00e9 de vous opposer au traitement de vos donn\u00e9es personnelles s&rsquo;il n\u2019existe aucun objectif commercial l\u00e9gitime pour un tel traitement conform\u00e9ment \u00e0 la pr\u00e9sente d\u00e9claration de protection des donn\u00e9es ou \u00e0 la loi en vigueur.<\/p>\n<p><strong>Prise de contact<\/strong><\/p>\n<p>Lors de la prise de contact avec le prestataire (par exemple via le formulaire de contact ou par e-mail), les donn\u00e9es de l&rsquo;utilisateur sont enregistr\u00e9es afin de traiter la demande ainsi que d\u2019\u00e9ventuelles questions compl\u00e9mentaires.<\/p>\n<p><strong>Newsletter<\/strong><\/p>\n<p>Avec la newsletter, nous vous informons sur nous et nos offres.<\/p>\n<p>Si vous souhaitez recevoir la newsletter, nous avons besoin d&rsquo;une adresse e-mail valable de votre part ainsi que d&rsquo;informations nous permettant de v\u00e9rifier que vous \u00eates le\/la propri\u00e9taire de l&rsquo;adresse e-mail sp\u00e9cifi\u00e9e ou que le\/la propri\u00e9taire accepte de recevoir la newsletter. Aucune autre donn\u00e9e ne sera collect\u00e9e. Ces donn\u00e9es ne seront utilis\u00e9es que pour l&rsquo;envoi de la newsletter et ne seront pas transmises \u00e0 des tiers.<\/p>\n<p>Lors de votre inscription \u00e0 la newsletter, nous enregistrons votre adresse IP et la date. Cet enregistrement ne sert de preuve que dans le cas o\u00f9 un tiers utiliserait abusivement une adresse e-mail et s&rsquo;inscrirait pour recevoir la newsletter \u00e0 l&rsquo;insu de la personne autoris\u00e9e.<\/p>\n<p>Vous pouvez r\u00e9voquer \u00e0 tout moment votre consentement \u00e0 l&rsquo;enregistrement des donn\u00e9es, l&rsquo;adresse e-mail et leur utilisation pour l&rsquo;envoi de la newsletter. La r\u00e9vocation peut se faire par le biais d&rsquo;un lien dans les newsletters elles-m\u00eames ou par notification aux diff\u00e9rents contacts ci-dessus.<\/p>\n<p><strong>Int\u00e9gration de services et contenus de tiers<\/strong><\/p>\n<p>Il se peut que des contenus de tiers, tels que des vid\u00e9os de YouTube, des cartes de Google Maps, des flux RSS ou des graphiques d&rsquo;autres sites Web soient int\u00e9gr\u00e9s dans cette offre en ligne. Cela suppose toujours que les fournisseurs de ce contenu (ci-apr\u00e8s d\u00e9nomm\u00e9s \u00ab\u00a0prestataires tiers\u00a0\u00bb) disposent de l&rsquo;adresse IP des utilisateurs, car sans l&rsquo;adresse IP, ils ne pourraient pas envoyer le contenu au navigateur de l&rsquo;utilisateur respectif. L&rsquo;adresse IP est donc n\u00e9cessaire pour l&rsquo;affichage de ce contenu. Nous nous effor\u00e7ons de n&rsquo;utiliser que du contenu dont les fournisseurs respectifs utilisent l&rsquo;adresse IP uniquement pour la livraison des contenus. Nous ne pouvons toutefois pas intervenir si les fournisseurs tiers enregistrent l&rsquo;adresse IP, par exemple \u00e0 des fins statistiques, mais nous en informons les utilisateurs dans la mesure o\u00f9 nous en avons connaissance.<\/p>\n<p><strong>Cookies<\/strong><\/p>\n<p>Les cookies sont de petits fichiers qui permettent \u00e0 l&rsquo;appareil d&rsquo;acc\u00e8s de l&rsquo;utilisateur (PC, smartphone, etc.) de stocker des informations sp\u00e9cifiques relatives \u00e0 l&rsquo;appareil. Ils servent, d&rsquo;une part, \u00e0 faciliter l\u2019utilisation des pages web et donc de ceux qui s\u2019en servent (par exemple l\u2019enregistrement des donn\u00e9es de connexion) et sont, d\u2019autre part, utilis\u00e9s pour collecter des donn\u00e9es statistiques sur l&rsquo;utilisation du site Web afin de les analyser puis d\u2019am\u00e9liorer l&rsquo;offre. Les utilisateurs peuvent influencer l&rsquo;utilisation des cookies, car la plupart des navigateurs disposent d\u2019une option limitant ou bloquant totalement l\u2019enregistrement des cookies. Il est, toutefois, pr\u00e9cis\u00e9 que l&rsquo;utilisation et surtout le confort d&rsquo;utilisation sont limit\u00e9s sans cookies.<br \/>\nVous pouvez g\u00e9rer de nombreux cookies publicitaires en ligne \u00e0 partir du site am\u00e9ricain http:\/\/www.aboutads.info\/choices\/ ou du site de l&rsquo;UE http:\/\/www.youronlinechoices.com\/uk\/your-ad-choices\/<\/p>\n<p><strong>Google Analytics<\/strong><\/p>\n<p>Cette offre utilise Google Analytics, un service d&rsquo;analyse web de Google Inc. (\u00ab\u00a0Google\u00a0\u00bb). Google Analytics utilise des \u00ab\u00a0cookies\u00a0\u00bb, qui sont des fichiers texte enregistr\u00e9s sur l&rsquo;ordinateur des utilisateurs et permettent d&rsquo;analyser l&rsquo;utilisation du site par ces derniers. Les informations g\u00e9n\u00e9r\u00e9es par les cookies concernant l&rsquo;utilisation de ce site Web par les utilisateurs sont g\u00e9n\u00e9ralement transf\u00e9r\u00e9es \u00e0 un serveur de Google aux \u00c9tats-Unis et y sont stock\u00e9es.<\/p>\n<p>Dans le cas de l\u2019activation de l&rsquo;anonymisation de l\u2019adresse IP sur le site Web, Google r\u00e9duira les adresses IP des utilisateurs dans les \u00e9tats membres de l&rsquo;Union europ\u00e9enne ou dans d&rsquo;autres \u00e9tats faisant partie de l&rsquo;accord sur l&rsquo;Espace Economique Europ\u00e9en. Ce n&rsquo;est que dans des cas exceptionnels que l&rsquo;adresse IP compl\u00e8te sera transmise \u00e0 un serveur Google aux Etats-Unis et y sera raccourcie. L&rsquo;anonymisation de l\u2019IP est active sur ce site Web. Au nom de l&rsquo;exploitant de ce site Web, Google utilisera ces informations pour \u00e9valuer l&rsquo;utilisation du site Web par les utilisateurs, pour compiler des rapports sur les activit\u00e9s du site Web et pour fournir \u00e0 l&rsquo;exploitant du site Web d&rsquo;autres services associ\u00e9s \u00e0 l&rsquo;utilisation du site Web et d\u2019Internet.<\/p>\n<p>L&rsquo;adresse IP transmise par votre navigateur dans le cadre de Google Analytics n&rsquo;est pas regroup\u00e9e avec d&rsquo;autres donn\u00e9es de Google. Les utilisateurs peuvent refuser l\u2019enregistrement de cookies en s\u00e9lectionnant les param\u00e8tres appropri\u00e9s sur leur navigateur, cependant, cette option informe les utilisateurs que vous ne pourrez peut-\u00eatre pas utiliser toutes les fonctionnalit\u00e9s de ce site Web dans leur int\u00e9gralit\u00e9. Les utilisateurs peuvent \u00e9galement emp\u00eacher Google de collecter les donn\u00e9es g\u00e9n\u00e9r\u00e9es par le cookie, relatives \u00e0 leur utilisation du site Internet (y compris leur adresse IP), et de les traiter par Google en t\u00e9l\u00e9chargeant et installant le plug-in de navigateur disponible sous le lien suivant : http:\/\/tools.google.com\/dlpage\/gaoptout?hl=fr.<\/p>\n<p>Vous trouverez de plus amples informations sur l&rsquo;utilisation des donn\u00e9es \u00e0 des fins publicitaires par Google, les r\u00e9glages et oppositions possibles les sites Web de Google : https:\/\/www.google.com\/intl\/fr\/policies\/privacy\/partners\/ (\u00ab\u00a0Comment Google utilise certaines donn\u00e9es collect\u00e9es lorsque vous utilisez des sites ou applications de nos partenaires\u00a0\u00bb), https:\/\/policies.google.com\/technologies\/ads?hl=fr (\u00ab\u00a0Utilisation des donn\u00e9es \u00e0 des fins publicitaires\u00a0\u00bb), http:\/\/www.google.fr\/settings\/ads (\u00ab\u00a0Contr\u00f4ler les informations que Google utilise pour vous pr\u00e9senter des annonces.\u00a0\u00bb) et http:\/\/www.google.com\/ads\/preferences\/ (\u00ab\u00a0D\u00e9terminer quelle publicit\u00e9 Google vous montre\u00a0\u00bb).<\/p>\n<p>En tant qu\u2019alternative \u00e0 l&rsquo;extension du navigateur ou dans les navigateurs sur les appareils mobiles, veuillez cliquer sur ce lien pour emp\u00eacher Google Analytics de collecter de futures donn\u00e9es sur ce site Web. Un cookie d&rsquo;exclusion est stock\u00e9 dans votre appareil. Si vous supprimez vos cookies, vous devrez \u00e0 nouveau cliquer sur ce lien.<\/p>\n<p><strong>Liens vers d\u2019autres sites Web<\/strong><\/p>\n<p>Cette d\u00e9claration de protection des donn\u00e9es ne s\u2019applique qu\u2019\u00e0 ce site et pas aux sites Web appartenant \u00e0 des tiers. Le prestataire peut \u00e9tablir des liens vers d&rsquo;autres sites Web susceptibles, selon lui, d\u2019int\u00e9resser les visiteurs. Le prestataire met tout en \u0153uvre pour s&rsquo;assurer que ces sites Web r\u00e9pondent aux normes les plus \u00e9lev\u00e9es. Toutefois, en raison de la nature d&rsquo;Internet, il est impossible au prestataire de garantir la norme de protection des donn\u00e9es de tous les sites Web li\u00e9s ou d&rsquo;assumer la responsabilit\u00e9 de leur contenu. Cette d\u00e9claration de protection des donn\u00e9es ne s&rsquo;applique pas aux sites Web li\u00e9s qui ne sont pas d\u00e9tenus et contr\u00f4l\u00e9s par le prestataire.<\/p>\n<p><strong>Contact en cas de plaintes<\/strong><\/p>\n<p>Si vous avez des questions ou des plaintes quant \u00e0 la conformit\u00e9 de cette d\u00e9claration de protection des donn\u00e9es ou si vous avez des suggestions ou des commentaires concernant l&rsquo;am\u00e9lioration de notre politique de confidentialit\u00e9, veuillez nous envoyer un mail \u00e0 info@leadersclub.ch.<\/p>\n<p><strong>R\u00e9tractation, modifications, corrections et mises \u00e0 jour<\/strong><\/p>\n<p>L&rsquo;utilisateur a le droit de recevoir, sur demande et gratuitement, des informations sur les donn\u00e9es personnelles enregistr\u00e9es \u00e0 son sujet. En outre, l&rsquo;utilisateur a droit \u00e0 la correction des donn\u00e9es incorrectes, au blocage et \u00e0 la suppression de ses donn\u00e9es personnelles, dans la mesure o\u00f9 aucune obligation l\u00e9gale de conserver ces donn\u00e9es ne s\u2019y oppose.[\/vc_column_text][\/vc_column][vc_column width=\u00a0\u00bb1\/3&Prime;][\/vc_column][\/vc_row][vc_row css_animation=\u00a0\u00bb\u00a0\u00bb row_type=\u00a0\u00bbrow\u00a0\u00bb use_row_as_full_screen_section=\u00a0\u00bbno\u00a0\u00bb type=\u00a0\u00bbfull_width\u00a0\u00bb angled_section=\u00a0\u00bbno\u00a0\u00bb text_align=\u00a0\u00bbleft\u00a0\u00bb background_image_as_pattern=\u00a0\u00bbwithout_pattern\u00a0\u00bb][vc_column][vc_empty_space height=\u00a0\u00bb200px\u00a0\u00bb][\/vc_column][\/vc_row]\n<\/div>","protected":false},"excerpt":{"rendered":"<p>[vc_row css_animation=\u00a0\u00bb\u00a0\u00bb row_type=\u00a0\u00bbrow\u00a0\u00bb use_row_as_full_screen_section=\u00a0\u00bbno\u00a0\u00bb type=\u00a0\u00bbfull_width\u00a0\u00bb angled_section=\u00a0\u00bbno\u00a0\u00bb text_align=\u00a0\u00bbleft\u00a0\u00bb background_image_as_pattern=\u00a0\u00bbwithout_pattern\u00a0\u00bb][vc_column width=\u00a0\u00bb2\/3&Prime;][vc_column_text] POLITIQUE DE CONFIDENTALIT\u00c9 [\/vc_column_text][vc_separator type=\u00a0\u00bbsmall\u00a0\u00bb position=\u00a0\u00bbleft\u00a0\u00bb][vc_column_text]Champ d\u2019application La pr\u00e9sente d\u00e9claration de protection des donn\u00e9es informe les utilisateurs sur la nature, l&rsquo;\u00e9tendue et les objectifs de la collecte et de l&rsquo;utilisation des donn\u00e9es personnelles par le prestataire&#8230;<\/p>\n","protected":false},"author":6,"featured_media":0,"parent":0,"menu_order":0,"comment_status":"closed","ping_status":"closed","template":"","meta":{"footnotes":""},"class_list":["post-1429","page","type-page","status-publish","hentry"],"yoast_head":"<!-- This site is optimized with the Yoast SEO plugin v27.0 - https:\/\/yoast.com\/product\/yoast-seo-wordpress\/ -->\n<title>POLITIQUE DE CONFIDENTIALIT\u00c9 - Leaders Club Switzerland<\/title>\n<meta name=\"robots\" content=\"index, follow, max-snippet:-1, max-image-preview:large, max-video-preview:-1\" \/>\n<link rel=\"canonical\" href=\"https:\/\/www.leadersclub.ch\/fr\/protectiondesdonnees\/\" \/>\n<meta property=\"og:locale\" content=\"fr_FR\" \/>\n<meta property=\"og:type\" content=\"article\" \/>\n<meta property=\"og:title\" content=\"POLITIQUE DE CONFIDENTIALIT\u00c9 - Leaders Club Switzerland\" \/>\n<meta property=\"og:description\" content=\"[vc_row css_animation=\u00a0\u00bb\u00a0\u00bb row_type=\u00a0\u00bbrow\u00a0\u00bb use_row_as_full_screen_section=\u00a0\u00bbno\u00a0\u00bb type=\u00a0\u00bbfull_width\u00a0\u00bb angled_section=\u00a0\u00bbno\u00a0\u00bb text_align=\u00a0\u00bbleft\u00a0\u00bb background_image_as_pattern=\u00a0\u00bbwithout_pattern\u00a0\u00bb][vc_column width=\u00a0\u00bb2\/3&Prime;][vc_column_text] POLITIQUE DE CONFIDENTALIT\u00c9 [\/vc_column_text][vc_separator type=\u00a0\u00bbsmall\u00a0\u00bb position=\u00a0\u00bbleft\u00a0\u00bb][vc_column_text]Champ d\u2019application La pr\u00e9sente d\u00e9claration de protection des donn\u00e9es informe les utilisateurs sur la nature, l&rsquo;\u00e9tendue et les objectifs de la collecte et de l&rsquo;utilisation des donn\u00e9es personnelles par le prestataire...\" \/>\n<meta property=\"og:url\" content=\"https:\/\/www.leadersclub.ch\/fr\/protectiondesdonnees\/\" \/>\n<meta property=\"og:site_name\" content=\"Leaders Club Switzerland\" \/>\n<meta property=\"article:publisher\" content=\"https:\/\/www.facebook.com\/LeadersClubSwitzerland\/\" \/>\n<meta property=\"article:modified_time\" content=\"2022-02-02T07:31:42+00:00\" \/>\n<meta name=\"twitter:card\" content=\"summary_large_image\" \/>\n<meta name=\"twitter:label1\" content=\"Dur\u00e9e de lecture estim\u00e9e\" \/>\n\t<meta name=\"twitter:data1\" content=\"7 minutes\" \/>\n<script type=\"application\/ld+json\" class=\"yoast-schema-graph\">{\"@context\":\"https:\/\/schema.org\",\"@graph\":[{\"@type\":\"WebPage\",\"@id\":\"https:\/\/www.leadersclub.ch\/fr\/protectiondesdonnees\/\",\"url\":\"https:\/\/www.leadersclub.ch\/fr\/protectiondesdonnees\/\",\"name\":\"POLITIQUE DE CONFIDENTIALIT\u00c9 - Leaders Club Switzerland\",\"isPartOf\":{\"@id\":\"https:\/\/www.leadersclub.ch\/#website\"},\"datePublished\":\"2018-06-13T13:01:01+00:00\",\"dateModified\":\"2022-02-02T07:31:42+00:00\",\"breadcrumb\":{\"@id\":\"https:\/\/www.leadersclub.ch\/fr\/protectiondesdonnees\/#breadcrumb\"},\"inLanguage\":\"fr-FR\",\"potentialAction\":[{\"@type\":\"ReadAction\",\"target\":[\"https:\/\/www.leadersclub.ch\/fr\/protectiondesdonnees\/\"]}]},{\"@type\":\"BreadcrumbList\",\"@id\":\"https:\/\/www.leadersclub.ch\/fr\/protectiondesdonnees\/#breadcrumb\",\"itemListElement\":[{\"@type\":\"ListItem\",\"position\":1,\"name\":\"Home\",\"item\":\"https:\/\/www.leadersclub.ch\/fr\/\"},{\"@type\":\"ListItem\",\"position\":2,\"name\":\"POLITIQUE DE CONFIDENTIALIT\u00c9\"}]},{\"@type\":\"WebSite\",\"@id\":\"https:\/\/www.leadersclub.ch\/#website\",\"url\":\"https:\/\/www.leadersclub.ch\/\",\"name\":\"Leaders Club Switzerland\",\"description\":\"\",\"publisher\":{\"@id\":\"https:\/\/www.leadersclub.ch\/#organization\"},\"potentialAction\":[{\"@type\":\"SearchAction\",\"target\":{\"@type\":\"EntryPoint\",\"urlTemplate\":\"https:\/\/www.leadersclub.ch\/?s={search_term_string}\"},\"query-input\":{\"@type\":\"PropertyValueSpecification\",\"valueRequired\":true,\"valueName\":\"search_term_string\"}}],\"inLanguage\":\"fr-FR\"},{\"@type\":\"Organization\",\"@id\":\"https:\/\/www.leadersclub.ch\/#organization\",\"name\":\"Leaders Club Switzerland\",\"url\":\"https:\/\/www.leadersclub.ch\/\",\"logo\":{\"@type\":\"ImageObject\",\"inLanguage\":\"fr-FR\",\"@id\":\"https:\/\/www.leadersclub.ch\/#\/schema\/logo\/image\/\",\"url\":\"https:\/\/www.leadersclub.ch\/wp-content\/uploads\/2018\/02\/LSS_LOGO.png\",\"contentUrl\":\"https:\/\/www.leadersclub.ch\/wp-content\/uploads\/2018\/02\/LSS_LOGO.png\",\"width\":259,\"height\":40,\"caption\":\"Leaders Club Switzerland\"},\"image\":{\"@id\":\"https:\/\/www.leadersclub.ch\/#\/schema\/logo\/image\/\"},\"sameAs\":[\"https:\/\/www.facebook.com\/LeadersClubSwitzerland\/\"]}]}<\/script>\n<!-- \/ Yoast SEO plugin. -->","yoast_head_json":{"title":"POLITIQUE DE CONFIDENTIALIT\u00c9 - Leaders Club Switzerland","robots":{"index":"index","follow":"follow","max-snippet":"max-snippet:-1","max-image-preview":"max-image-preview:large","max-video-preview":"max-video-preview:-1"},"canonical":"https:\/\/www.leadersclub.ch\/fr\/protectiondesdonnees\/","og_locale":"fr_FR","og_type":"article","og_title":"POLITIQUE DE CONFIDENTIALIT\u00c9 - Leaders Club Switzerland","og_description":"[vc_row css_animation=\u00a0\u00bb\u00a0\u00bb row_type=\u00a0\u00bbrow\u00a0\u00bb use_row_as_full_screen_section=\u00a0\u00bbno\u00a0\u00bb type=\u00a0\u00bbfull_width\u00a0\u00bb angled_section=\u00a0\u00bbno\u00a0\u00bb text_align=\u00a0\u00bbleft\u00a0\u00bb background_image_as_pattern=\u00a0\u00bbwithout_pattern\u00a0\u00bb][vc_column width=\u00a0\u00bb2\/3&Prime;][vc_column_text] POLITIQUE DE CONFIDENTALIT\u00c9 [\/vc_column_text][vc_separator type=\u00a0\u00bbsmall\u00a0\u00bb position=\u00a0\u00bbleft\u00a0\u00bb][vc_column_text]Champ d\u2019application La pr\u00e9sente d\u00e9claration de protection des donn\u00e9es informe les utilisateurs sur la nature, l&rsquo;\u00e9tendue et les objectifs de la collecte et de l&rsquo;utilisation des donn\u00e9es personnelles par le prestataire...","og_url":"https:\/\/www.leadersclub.ch\/fr\/protectiondesdonnees\/","og_site_name":"Leaders Club Switzerland","article_publisher":"https:\/\/www.facebook.com\/LeadersClubSwitzerland\/","article_modified_time":"2022-02-02T07:31:42+00:00","twitter_card":"summary_large_image","twitter_misc":{"Dur\u00e9e de lecture estim\u00e9e":"7 minutes"},"schema":{"@context":"https:\/\/schema.org","@graph":[{"@type":"WebPage","@id":"https:\/\/www.leadersclub.ch\/fr\/protectiondesdonnees\/","url":"https:\/\/www.leadersclub.ch\/fr\/protectiondesdonnees\/","name":"POLITIQUE DE CONFIDENTIALIT\u00c9 - Leaders Club Switzerland","isPartOf":{"@id":"https:\/\/www.leadersclub.ch\/#website"},"datePublished":"2018-06-13T13:01:01+00:00","dateModified":"2022-02-02T07:31:42+00:00","breadcrumb":{"@id":"https:\/\/www.leadersclub.ch\/fr\/protectiondesdonnees\/#breadcrumb"},"inLanguage":"fr-FR","potentialAction":[{"@type":"ReadAction","target":["https:\/\/www.leadersclub.ch\/fr\/protectiondesdonnees\/"]}]},{"@type":"BreadcrumbList","@id":"https:\/\/www.leadersclub.ch\/fr\/protectiondesdonnees\/#breadcrumb","itemListElement":[{"@type":"ListItem","position":1,"name":"Home","item":"https:\/\/www.leadersclub.ch\/fr\/"},{"@type":"ListItem","position":2,"name":"POLITIQUE DE CONFIDENTIALIT\u00c9"}]},{"@type":"WebSite","@id":"https:\/\/www.leadersclub.ch\/#website","url":"https:\/\/www.leadersclub.ch\/","name":"Leaders Club Switzerland","description":"","publisher":{"@id":"https:\/\/www.leadersclub.ch\/#organization"},"potentialAction":[{"@type":"SearchAction","target":{"@type":"EntryPoint","urlTemplate":"https:\/\/www.leadersclub.ch\/?s={search_term_string}"},"query-input":{"@type":"PropertyValueSpecification","valueRequired":true,"valueName":"search_term_string"}}],"inLanguage":"fr-FR"},{"@type":"Organization","@id":"https:\/\/www.leadersclub.ch\/#organization","name":"Leaders Club Switzerland","url":"https:\/\/www.leadersclub.ch\/","logo":{"@type":"ImageObject","inLanguage":"fr-FR","@id":"https:\/\/www.leadersclub.ch\/#\/schema\/logo\/image\/","url":"https:\/\/www.leadersclub.ch\/wp-content\/uploads\/2018\/02\/LSS_LOGO.png","contentUrl":"https:\/\/www.leadersclub.ch\/wp-content\/uploads\/2018\/02\/LSS_LOGO.png","width":259,"height":40,"caption":"Leaders Club Switzerland"},"image":{"@id":"https:\/\/www.leadersclub.ch\/#\/schema\/logo\/image\/"},"sameAs":["https:\/\/www.facebook.com\/LeadersClubSwitzerland\/"]}]}},"_links":{"self":[{"href":"https:\/\/www.leadersclub.ch\/fr\/wp-json\/wp\/v2\/pages\/1429","targetHints":{"allow":["GET"]}}],"collection":[{"href":"https:\/\/www.leadersclub.ch\/fr\/wp-json\/wp\/v2\/pages"}],"about":[{"href":"https:\/\/www.leadersclub.ch\/fr\/wp-json\/wp\/v2\/types\/page"}],"author":[{"embeddable":true,"href":"https:\/\/www.leadersclub.ch\/fr\/wp-json\/wp\/v2\/users\/6"}],"replies":[{"embeddable":true,"href":"https:\/\/www.leadersclub.ch\/fr\/wp-json\/wp\/v2\/comments?post=1429"}],"version-history":[{"count":8,"href":"https:\/\/www.leadersclub.ch\/fr\/wp-json\/wp\/v2\/pages\/1429\/revisions"}],"predecessor-version":[{"id":4907,"href":"https:\/\/www.leadersclub.ch\/fr\/wp-json\/wp\/v2\/pages\/1429\/revisions\/4907"}],"wp:attachment":[{"href":"https:\/\/www.leadersclub.ch\/fr\/wp-json\/wp\/v2\/media?parent=1429"}],"curies":[{"name":"wp","href":"https:\/\/api.w.org\/{rel}","templated":true}]}}