{"id":1407,"date":"2018-06-13T12:50:50","date_gmt":"2018-06-13T11:50:50","guid":{"rendered":"https:\/\/www.leadersclub.ch\/evenements\/"},"modified":"2026-01-19T08:33:54","modified_gmt":"2026-01-19T07:33:54","slug":"evenements","status":"publish","type":"page","link":"https:\/\/www.leadersclub.ch\/fr\/evenements\/","title":{"rendered":"\u00c9V\u00c9NEMENTS"},"content":{"rendered":"<div class=\"wpb-content-wrapper\">[vc_row css_animation=\u00a0\u00bb\u00a0\u00bb row_type=\u00a0\u00bbrow\u00a0\u00bb use_row_as_full_screen_section=\u00a0\u00bbno\u00a0\u00bb type=\u00a0\u00bbfull_width\u00a0\u00bb angled_section=\u00a0\u00bbno\u00a0\u00bb text_align=\u00a0\u00bbcenter\u00a0\u00bb background_image_as_pattern=\u00a0\u00bbwithout_pattern\u00a0\u00bb z_index=\u00a0\u00bb\u00a0\u00bb][vc_column][vc_empty_space height=\u00a0\u00bb75px\u00a0\u00bb][vc_column_text]\n<h2 style=\"text-align: center;\">\u00c9V\u00c9NEMENTS<\/h2>\n[vc_separator type=\u00a0\u00bbnormal\u00a0\u00bb color=\u00a0\u00bb#fecc00&Prime;][\/vc_column][\/vc_row][vc_row css_animation=\u00a0\u00bb\u00a0\u00bb row_type=\u00a0\u00bbrow\u00a0\u00bb use_row_as_full_screen_section=\u00a0\u00bbno\u00a0\u00bb type=\u00a0\u00bbfull_width\u00a0\u00bb angled_section=\u00a0\u00bbno\u00a0\u00bb text_align=\u00a0\u00bbleft\u00a0\u00bb background_image_as_pattern=\u00a0\u00bbwithout_pattern\u00a0\u00bb][vc_column][vc_empty_space height=\u00a0\u00bb75px\u00a0\u00bb][vc_column_text el_class=\u00a0\u00bbbkmi-events_list-container\u00a0\u00bb]<div class=\"em em-view-container\" id=\"em-view-908064622\" data-view=\"list-grouped\">\r\n\t<div class=\"em pixelbones em-list em-events-list em-events-list-grouped\" id=\"em-events-list-grouped-908064622\">\r\n\t<h2>2026<\/h2>26\/01\/2026 \u2013 <a href=\"https:\/\/www.leadersclub.ch\/fr\/veranstaltungen\/repas-du-nouvel-an-zurich\/\">D\u00eener du Nouvel An, Sinaloa Zurich<\/a><br \/>\n<hr \/> 12\/03\/2026 - 13\/03\/2026 \u2013 <a href=\"https:\/\/www.leadersclub.ch\/fr\/veranstaltungen\/trendtour-oberland-bernois\/\">Trendtour Oberland bernois<\/a><br \/>\n<hr \/> 23\/03\/2026 \u2013 <a href=\"https:\/\/www.leadersclub.ch\/fr\/veranstaltungen\/lci-awards-leaders-club-france-in-paris\/\">LCI: Awards Leaders Club France \u00e0 Paris<\/a><br \/>\n<hr \/> 20\/04\/2026 \u2013 <a href=\"https:\/\/www.leadersclub.ch\/fr\/veranstaltungen\/saechsilueuete\/\">S\u00e4chsil\u00fc\u00fcte<\/a><br \/>\n<hr \/> 04\/05\/2026 - 05\/05\/2026 \u2013 <a href=\"https:\/\/www.leadersclub.ch\/fr\/veranstaltungen\/lci-trendtour-international-offenburg-europapark-rust-domaine-viticole-en-alsace\/\">LCI: Trendtour international tripoint AL-FR-CH<\/a><br \/>\n<hr \/> 10\/06\/2026 - 11\/06\/2026 \u2013 <a href=\"https:\/\/www.leadersclub.ch\/fr\/veranstaltungen\/lci-echange-international-a-munich-hospitality-what-really-matters\/\">LCI: Gastrosessions et Leaders Club International Exchange (Munich, Hofbr\u00e4ukeller)<\/a><br \/>\n<hr \/> 12\/06\/2026 - 14\/06\/2026 \u2013 <a href=\"https:\/\/www.leadersclub.ch\/fr\/veranstaltungen\/assemblee-generale-2\/\">Assembl\u00e9e g\u00e9n\u00e9rale<\/a><br \/>\n<hr \/> 16\/07\/2026 - 18\/07\/2026 \u2013 <a href=\"https:\/\/www.leadersclub.ch\/fr\/veranstaltungen\/montreux-jazz-festival-evenement-de-deux-jours-date-a-determiner\/\">Montreux Jazz Festival &amp; Evian Resort<\/a><br \/>\n<hr \/> 21\/09\/2026 - 22\/09\/2026 \u2013 <a href=\"https:\/\/www.leadersclub.ch\/fr\/veranstaltungen\/lci-visite-de-loktoberfest-evenement-international\/\">LCI: Visite de l&#039;Oktoberfest<\/a><br \/>\n<hr \/> 02\/10\/2026 \u2013 <a href=\"https:\/\/www.leadersclub.ch\/fr\/veranstaltungen\/trendtour-region-des-trois-lacs\/\">Trendtour \u00e0 Lucerne<\/a><br \/>\n<hr \/> 17\/11\/2026 \u2013 <a href=\"https:\/\/www.leadersclub.ch\/fr\/veranstaltungen\/gastrosession-trendtour-lieu-a-determiner\/\">Gastrosession \/ Trendtour (lieu \u00e0 d\u00e9terminer)<\/a><br \/>\n<hr \/> \t<\/div>\r\n<\/div>[\/vc_column_text][vc_empty_space height=\u00a0\u00bb50px\u00a0\u00bb][\/vc_column][vc_column offset=\u00a0\u00bbvc_hidden-lg vc_hidden-md\u00a0\u00bb]\n<p>&nbsp;<\/p>\n<\/div>","protected":false},"excerpt":{"rendered":"<p>[vc_row css_animation=\u00a0\u00bb\u00a0\u00bb row_type=\u00a0\u00bbrow\u00a0\u00bb use_row_as_full_screen_section=\u00a0\u00bbno\u00a0\u00bb type=\u00a0\u00bbfull_width\u00a0\u00bb angled_section=\u00a0\u00bbno\u00a0\u00bb text_align=\u00a0\u00bbcenter\u00a0\u00bb background_image_as_pattern=\u00a0\u00bbwithout_pattern\u00a0\u00bb z_index=\u00a0\u00bb\u00a0\u00bb][vc_column][vc_empty_space height=\u00a0\u00bb75px\u00a0\u00bb][vc_column_text] \u00c9V\u00c9NEMENTS [vc_separator type=\u00a0\u00bbnormal\u00a0\u00bb color=\u00a0\u00bb#fecc00&Prime;][\/vc_column][\/vc_row][vc_row css_animation=\u00a0\u00bb\u00a0\u00bb row_type=\u00a0\u00bbrow\u00a0\u00bb use_row_as_full_screen_section=\u00a0\u00bbno\u00a0\u00bb type=\u00a0\u00bbfull_width\u00a0\u00bb angled_section=\u00a0\u00bbno\u00a0\u00bb text_align=\u00a0\u00bbleft\u00a0\u00bb background_image_as_pattern=\u00a0\u00bbwithout_pattern\u00a0\u00bb][vc_column][vc_empty_space height=\u00a0\u00bb75px\u00a0\u00bb][vc_column_text el_class=\u00a0\u00bbbkmi-events_list-container\u00a0\u00bb][\/vc_column_text][vc_empty_space height=\u00a0\u00bb50px\u00a0\u00bb][\/vc_column][vc_column offset=\u00a0\u00bbvc_hidden-lg vc_hidden-md\u00a0\u00bb] &nbsp;<\/p>\n","protected":false},"author":6,"featured_media":0,"parent":0,"menu_order":0,"comment_status":"closed","ping_status":"closed","template":"","meta":{"footnotes":""},"class_list":["post-1407","page","type-page","status-publish","hentry"],"yoast_head":"<!-- This site is optimized with the Yoast SEO plugin v27.0 - https:\/\/yoast.com\/product\/yoast-seo-wordpress\/ -->\n<title>Leaders Club Switzerland \u2013 Aper\u00e7u des \u00e9v\u00e9nements<\/title>\n<meta name=\"description\" content=\"Leaders Club Switzerland \u00c9v\u00e9nements. Tous les \u00e9v\u00e9nements du Leaders Club Suisse en un coup d&#039;\u0153il: Arosa, nouvelles tendances dans les montagnes. \u00c9milie-Romagne et Eataly Bologne. Assembl\u00e9e g\u00e9n\u00e9rale, Monaco. Festival Da Jazz. \u00c9v\u00e9nement chez un producteur. Leaders Club International Awards Anvers. Journ\u00e9e surprise. Marmite Youngster Award.\" \/>\n<meta name=\"robots\" content=\"index, follow, max-snippet:-1, max-image-preview:large, max-video-preview:-1\" \/>\n<link rel=\"canonical\" href=\"https:\/\/www.leadersclub.ch\/fr\/evenements\/\" \/>\n<meta property=\"og:locale\" content=\"fr_FR\" \/>\n<meta property=\"og:type\" content=\"article\" \/>\n<meta property=\"og:title\" content=\"Leaders Club Switzerland \u2013 Aper\u00e7u des \u00e9v\u00e9nements\" \/>\n<meta property=\"og:description\" content=\"Leaders Club Switzerland \u00c9v\u00e9nements. Tous les \u00e9v\u00e9nements du Leaders Club Suisse en un coup d&#039;\u0153il: Arosa, nouvelles tendances dans les montagnes. \u00c9milie-Romagne et Eataly Bologne. Assembl\u00e9e g\u00e9n\u00e9rale, Monaco. Festival Da Jazz. \u00c9v\u00e9nement chez un producteur. Leaders Club International Awards Anvers. Journ\u00e9e surprise. Marmite Youngster Award.\" \/>\n<meta property=\"og:url\" content=\"https:\/\/www.leadersclub.ch\/fr\/evenements\/\" \/>\n<meta property=\"og:site_name\" content=\"Leaders Club Switzerland\" \/>\n<meta property=\"article:publisher\" content=\"https:\/\/www.facebook.com\/LeadersClubSwitzerland\/\" \/>\n<meta property=\"article:modified_time\" content=\"2026-01-19T07:33:54+00:00\" \/>\n<meta name=\"twitter:card\" content=\"summary_large_image\" \/>\n<meta name=\"twitter:label1\" content=\"Dur\u00e9e de lecture estim\u00e9e\" \/>\n\t<meta name=\"twitter:data1\" content=\"1 minute\" \/>\n<script type=\"application\/ld+json\" class=\"yoast-schema-graph\">{\"@context\":\"https:\/\/schema.org\",\"@graph\":[{\"@type\":\"WebPage\",\"@id\":\"https:\/\/www.leadersclub.ch\/fr\/evenements\/\",\"url\":\"https:\/\/www.leadersclub.ch\/fr\/evenements\/\",\"name\":\"Leaders Club Switzerland \u2013 Aper\u00e7u des \u00e9v\u00e9nements\",\"isPartOf\":{\"@id\":\"https:\/\/www.leadersclub.ch\/#website\"},\"datePublished\":\"2018-06-13T11:50:50+00:00\",\"dateModified\":\"2026-01-19T07:33:54+00:00\",\"description\":\"Leaders Club Switzerland \u00c9v\u00e9nements. Tous les \u00e9v\u00e9nements du Leaders Club Suisse en un coup d'\u0153il: Arosa, nouvelles tendances dans les montagnes. \u00c9milie-Romagne et Eataly Bologne. Assembl\u00e9e g\u00e9n\u00e9rale, Monaco. Festival Da Jazz. \u00c9v\u00e9nement chez un producteur. Leaders Club International Awards Anvers. Journ\u00e9e surprise. Marmite Youngster Award.\",\"breadcrumb\":{\"@id\":\"https:\/\/www.leadersclub.ch\/fr\/evenements\/#breadcrumb\"},\"inLanguage\":\"fr-FR\",\"potentialAction\":[{\"@type\":\"ReadAction\",\"target\":[\"https:\/\/www.leadersclub.ch\/fr\/evenements\/\"]}]},{\"@type\":\"BreadcrumbList\",\"@id\":\"https:\/\/www.leadersclub.ch\/fr\/evenements\/#breadcrumb\",\"itemListElement\":[{\"@type\":\"ListItem\",\"position\":1,\"name\":\"Home\",\"item\":\"https:\/\/www.leadersclub.ch\/fr\/\"},{\"@type\":\"ListItem\",\"position\":2,\"name\":\"\u00c9V\u00c9NEMENTS\"}]},{\"@type\":\"WebSite\",\"@id\":\"https:\/\/www.leadersclub.ch\/#website\",\"url\":\"https:\/\/www.leadersclub.ch\/\",\"name\":\"Leaders Club Switzerland\",\"description\":\"\",\"publisher\":{\"@id\":\"https:\/\/www.leadersclub.ch\/#organization\"},\"potentialAction\":[{\"@type\":\"SearchAction\",\"target\":{\"@type\":\"EntryPoint\",\"urlTemplate\":\"https:\/\/www.leadersclub.ch\/?s={search_term_string}\"},\"query-input\":{\"@type\":\"PropertyValueSpecification\",\"valueRequired\":true,\"valueName\":\"search_term_string\"}}],\"inLanguage\":\"fr-FR\"},{\"@type\":\"Organization\",\"@id\":\"https:\/\/www.leadersclub.ch\/#organization\",\"name\":\"Leaders Club Switzerland\",\"url\":\"https:\/\/www.leadersclub.ch\/\",\"logo\":{\"@type\":\"ImageObject\",\"inLanguage\":\"fr-FR\",\"@id\":\"https:\/\/www.leadersclub.ch\/#\/schema\/logo\/image\/\",\"url\":\"https:\/\/www.leadersclub.ch\/wp-content\/uploads\/2018\/02\/LSS_LOGO.png\",\"contentUrl\":\"https:\/\/www.leadersclub.ch\/wp-content\/uploads\/2018\/02\/LSS_LOGO.png\",\"width\":259,\"height\":40,\"caption\":\"Leaders Club Switzerland\"},\"image\":{\"@id\":\"https:\/\/www.leadersclub.ch\/#\/schema\/logo\/image\/\"},\"sameAs\":[\"https:\/\/www.facebook.com\/LeadersClubSwitzerland\/\"]}]}<\/script>\n<!-- \/ Yoast SEO plugin. -->","yoast_head_json":{"title":"Leaders Club Switzerland \u2013 Aper\u00e7u des \u00e9v\u00e9nements","description":"Leaders Club Switzerland \u00c9v\u00e9nements. Tous les \u00e9v\u00e9nements du Leaders Club Suisse en un coup d'\u0153il: Arosa, nouvelles tendances dans les montagnes. \u00c9milie-Romagne et Eataly Bologne. Assembl\u00e9e g\u00e9n\u00e9rale, Monaco. Festival Da Jazz. \u00c9v\u00e9nement chez un producteur. Leaders Club International Awards Anvers. Journ\u00e9e surprise. Marmite Youngster Award.","robots":{"index":"index","follow":"follow","max-snippet":"max-snippet:-1","max-image-preview":"max-image-preview:large","max-video-preview":"max-video-preview:-1"},"canonical":"https:\/\/www.leadersclub.ch\/fr\/evenements\/","og_locale":"fr_FR","og_type":"article","og_title":"Leaders Club Switzerland \u2013 Aper\u00e7u des \u00e9v\u00e9nements","og_description":"Leaders Club Switzerland \u00c9v\u00e9nements. Tous les \u00e9v\u00e9nements du Leaders Club Suisse en un coup d'\u0153il: Arosa, nouvelles tendances dans les montagnes. \u00c9milie-Romagne et Eataly Bologne. Assembl\u00e9e g\u00e9n\u00e9rale, Monaco. Festival Da Jazz. \u00c9v\u00e9nement chez un producteur. Leaders Club International Awards Anvers. Journ\u00e9e surprise. Marmite Youngster Award.","og_url":"https:\/\/www.leadersclub.ch\/fr\/evenements\/","og_site_name":"Leaders Club Switzerland","article_publisher":"https:\/\/www.facebook.com\/LeadersClubSwitzerland\/","article_modified_time":"2026-01-19T07:33:54+00:00","twitter_card":"summary_large_image","twitter_misc":{"Dur\u00e9e de lecture estim\u00e9e":"1 minute"},"schema":{"@context":"https:\/\/schema.org","@graph":[{"@type":"WebPage","@id":"https:\/\/www.leadersclub.ch\/fr\/evenements\/","url":"https:\/\/www.leadersclub.ch\/fr\/evenements\/","name":"Leaders Club Switzerland \u2013 Aper\u00e7u des \u00e9v\u00e9nements","isPartOf":{"@id":"https:\/\/www.leadersclub.ch\/#website"},"datePublished":"2018-06-13T11:50:50+00:00","dateModified":"2026-01-19T07:33:54+00:00","description":"Leaders Club Switzerland \u00c9v\u00e9nements. Tous les \u00e9v\u00e9nements du Leaders Club Suisse en un coup d'\u0153il: Arosa, nouvelles tendances dans les montagnes. \u00c9milie-Romagne et Eataly Bologne. Assembl\u00e9e g\u00e9n\u00e9rale, Monaco. Festival Da Jazz. \u00c9v\u00e9nement chez un producteur. Leaders Club International Awards Anvers. Journ\u00e9e surprise. Marmite Youngster Award.","breadcrumb":{"@id":"https:\/\/www.leadersclub.ch\/fr\/evenements\/#breadcrumb"},"inLanguage":"fr-FR","potentialAction":[{"@type":"ReadAction","target":["https:\/\/www.leadersclub.ch\/fr\/evenements\/"]}]},{"@type":"BreadcrumbList","@id":"https:\/\/www.leadersclub.ch\/fr\/evenements\/#breadcrumb","itemListElement":[{"@type":"ListItem","position":1,"name":"Home","item":"https:\/\/www.leadersclub.ch\/fr\/"},{"@type":"ListItem","position":2,"name":"\u00c9V\u00c9NEMENTS"}]},{"@type":"WebSite","@id":"https:\/\/www.leadersclub.ch\/#website","url":"https:\/\/www.leadersclub.ch\/","name":"Leaders Club Switzerland","description":"","publisher":{"@id":"https:\/\/www.leadersclub.ch\/#organization"},"potentialAction":[{"@type":"SearchAction","target":{"@type":"EntryPoint","urlTemplate":"https:\/\/www.leadersclub.ch\/?s={search_term_string}"},"query-input":{"@type":"PropertyValueSpecification","valueRequired":true,"valueName":"search_term_string"}}],"inLanguage":"fr-FR"},{"@type":"Organization","@id":"https:\/\/www.leadersclub.ch\/#organization","name":"Leaders Club Switzerland","url":"https:\/\/www.leadersclub.ch\/","logo":{"@type":"ImageObject","inLanguage":"fr-FR","@id":"https:\/\/www.leadersclub.ch\/#\/schema\/logo\/image\/","url":"https:\/\/www.leadersclub.ch\/wp-content\/uploads\/2018\/02\/LSS_LOGO.png","contentUrl":"https:\/\/www.leadersclub.ch\/wp-content\/uploads\/2018\/02\/LSS_LOGO.png","width":259,"height":40,"caption":"Leaders Club Switzerland"},"image":{"@id":"https:\/\/www.leadersclub.ch\/#\/schema\/logo\/image\/"},"sameAs":["https:\/\/www.facebook.com\/LeadersClubSwitzerland\/"]}]}},"_links":{"self":[{"href":"https:\/\/www.leadersclub.ch\/fr\/wp-json\/wp\/v2\/pages\/1407","targetHints":{"allow":["GET"]}}],"collection":[{"href":"https:\/\/www.leadersclub.ch\/fr\/wp-json\/wp\/v2\/pages"}],"about":[{"href":"https:\/\/www.leadersclub.ch\/fr\/wp-json\/wp\/v2\/types\/page"}],"author":[{"embeddable":true,"href":"https:\/\/www.leadersclub.ch\/fr\/wp-json\/wp\/v2\/users\/6"}],"replies":[{"embeddable":true,"href":"https:\/\/www.leadersclub.ch\/fr\/wp-json\/wp\/v2\/comments?post=1407"}],"version-history":[{"count":11,"href":"https:\/\/www.leadersclub.ch\/fr\/wp-json\/wp\/v2\/pages\/1407\/revisions"}],"predecessor-version":[{"id":8065,"href":"https:\/\/www.leadersclub.ch\/fr\/wp-json\/wp\/v2\/pages\/1407\/revisions\/8065"}],"wp:attachment":[{"href":"https:\/\/www.leadersclub.ch\/fr\/wp-json\/wp\/v2\/media?parent=1407"}],"curies":[{"name":"wp","href":"https:\/\/api.w.org\/{rel}","templated":true}]}}