{"id":1376,"date":"2018-06-13T10:37:50","date_gmt":"2018-06-13T09:37:50","guid":{"rendered":"https:\/\/www.leadersclub.ch\/?page_id=1376"},"modified":"2026-04-23T15:10:49","modified_gmt":"2026-04-23T14:10:49","slug":"home","status":"publish","type":"page","link":"https:\/\/www.leadersclub.ch\/fr\/","title":{"rendered":"HOME"},"content":{"rendered":"<div class=\"wpb-content-wrapper\">[vc_row css_animation=\u00a0\u00bb\u00a0\u00bb row_type=\u00a0\u00bbrow\u00a0\u00bb use_row_as_full_screen_section=\u00a0\u00bbno\u00a0\u00bb type=\u00a0\u00bbfull_width\u00a0\u00bb angled_section=\u00a0\u00bbno\u00a0\u00bb text_align=\u00a0\u00bbleft\u00a0\u00bb background_image_as_pattern=\u00a0\u00bbwithout_pattern\u00a0\u00bb][vc_column][vc_row_inner row_type=\u00a0\u00bbrow\u00a0\u00bb type=\u00a0\u00bbgrid\u00a0\u00bb text_align=\u00a0\u00bbleft\u00a0\u00bb css_animation=\u00a0\u00bb\u00a0\u00bb][vc_column_inner][vc_empty_space height=\u00a0\u00bb75px\u00a0\u00bb][\/vc_column_inner][\/vc_row_inner][vc_column_text]\n<h2 style=\"text-align: center;\">NEWS<\/h2>\n[\/vc_column_text][vc_separator type=\u00a0\u00bbnormal\u00a0\u00bb color=\u00a0\u00bb#fecc00&Prime;][vc_empty_space height=\u00a0\u00bb100px\u00a0\u00bb][\/vc_column][\/vc_row][vc_row css_animation=\u00a0\u00bb\u00a0\u00bb row_type=\u00a0\u00bbrow\u00a0\u00bb use_row_as_full_screen_section=\u00a0\u00bbno\u00a0\u00bb type=\u00a0\u00bbgrid\u00a0\u00bb angled_section=\u00a0\u00bbno\u00a0\u00bb text_align=\u00a0\u00bbcenter\u00a0\u00bb background_image_as_pattern=\u00a0\u00bbwithout_pattern\u00a0\u00bb z_index=\u00a0\u00bb\u00a0\u00bb][vc_column width=\u00a0\u00bb1\/3&Prime;][vc_single_image image=\u00a0\u00bb1955&Prime; img_size=\u00a0\u00bbfull\u00a0\u00bb qode_css_animation=\u00a0\u00bb\u00a0\u00bb][vc_empty_space height=\u00a0\u00bb15px\u00a0\u00bb][vc_column_text]\n<h3 style=\"text-align: center;\"><strong>PROCHAIN<\/strong><br \/>\n<strong>EVENEMENT<\/strong><\/h3>\n[\/vc_column_text][vc_empty_space height=\u00a0\u00bb5px\u00a0\u00bb][vc_column_text css=\u00a0\u00bb\u00a0\u00bb]\n<p class=\"null\" style=\"text-align: center;\">Assembl\u00e9e G\u00e9n\u00e9rale, Varsovie<\/p>\n[\/vc_column_text][vc_empty_space height=\u00a0\u00bb25px\u00a0\u00bb]<a  itemprop=\"url\" href=\"\/fr\/evenements\" target=\"_self\"  class=\"qbutton  small center default\" style=\"\">EVENEMENTS<\/a>[vc_empty_space height=\u00a0\u00bb25px\u00a0\u00bb][\/vc_column][vc_column width=\u00a0\u00bb1\/3&Prime;][vc_single_image image=\u00a0\u00bb1958&Prime; img_size=\u00a0\u00bbfull\u00a0\u00bb qode_css_animation=\u00a0\u00bb\u00a0\u00bb][vc_empty_space height=\u00a0\u00bb15px\u00a0\u00bb][vc_column_text]\n<h3 style=\"text-align: center;\"><strong>PHOTOS DE<\/strong><br \/>\n<strong>NOS EVENEMENTS<\/strong><\/h3>\n[\/vc_column_text][vc_empty_space height=\u00a0\u00bb5px\u00a0\u00bb][vc_column_text]\n<p style=\"text-align: center;\">Voici les photos de nos<br \/>\n\u00e9v\u00e9nements pass\u00e9s<br \/>\n(uniquement pour les utilisateurs connect\u00e9s).<\/p>\n[\/vc_column_text][vc_empty_space height=\u00a0\u00bb25px\u00a0\u00bb]<a  itemprop=\"url\" href=\"\/fr\/galerie\/\" target=\"_self\"  class=\"qbutton  small center default\" style=\"\">LES PHOTOS<\/a>[vc_empty_space height=\u00a0\u00bb25px\u00a0\u00bb][\/vc_column][vc_column width=\u00a0\u00bb1\/3&Prime;][vc_single_image image=\u00a0\u00bb1957&Prime; img_size=\u00a0\u00bbfull\u00a0\u00bb qode_css_animation=\u00a0\u00bb\u00a0\u00bb][vc_empty_space height=\u00a0\u00bb15px\u00a0\u00bb][vc_column_text]\n<h3 style=\"text-align: center;\"><b>NOUVELLES DES<br \/>\n<\/b><b>MEMBRES<\/b><\/h3>\n[\/vc_column_text][vc_empty_space height=\u00a0\u00bb5px\u00a0\u00bb][vc_column_text]\n<p style=\"text-align: center;\">Voici les nouvelles de<br \/>\nnos membres.<\/p>\n<p>&nbsp;<\/p>\n[\/vc_column_text][vc_empty_space height=\u00a0\u00bb25px\u00a0\u00bb]<a  itemprop=\"url\" href=\"\/fr\/nouvelles-des-membres\/\" target=\"_self\"  class=\"qbutton  small center default\" style=\"\">LES NOUVELLES<\/a>[vc_empty_space height=\u00a0\u00bb25px\u00a0\u00bb][\/vc_column][\/vc_row][vc_row css_animation=\u00a0\u00bb\u00a0\u00bb row_type=\u00a0\u00bbrow\u00a0\u00bb use_row_as_full_screen_section=\u00a0\u00bbno\u00a0\u00bb type=\u00a0\u00bbfull_width\u00a0\u00bb angled_section=\u00a0\u00bbno\u00a0\u00bb text_align=\u00a0\u00bbleft\u00a0\u00bb background_image_as_pattern=\u00a0\u00bbwithout_pattern\u00a0\u00bb][vc_column][vc_empty_space height=\u00a0\u00bb75px\u00a0\u00bb][\/vc_column][\/vc_row][vc_row css_animation=\u00a0\u00bb\u00a0\u00bb row_type=\u00a0\u00bbrow\u00a0\u00bb use_row_as_full_screen_section=\u00a0\u00bbno\u00a0\u00bb type=\u00a0\u00bbfull_width\u00a0\u00bb angled_section=\u00a0\u00bbno\u00a0\u00bb text_align=\u00a0\u00bbleft\u00a0\u00bb background_image_as_pattern=\u00a0\u00bbwithout_pattern\u00a0\u00bb][vc_column][vc_column_text]\n<h2 style=\"text-align: center;\">PROGRAMME ANNUEL<\/h2>\n[\/vc_column_text][vc_empty_space height=\u00a0\u00bb50px\u00a0\u00bb][\/vc_column][\/vc_row][vc_row css_animation=\u00a0\u00bb\u00a0\u00bb row_type=\u00a0\u00bbrow\u00a0\u00bb use_row_as_full_screen_section=\u00a0\u00bbno\u00a0\u00bb type=\u00a0\u00bbfull_width\u00a0\u00bb angled_section=\u00a0\u00bbno\u00a0\u00bb text_align=\u00a0\u00bbleft\u00a0\u00bb background_image_as_pattern=\u00a0\u00bbwithout_pattern\u00a0\u00bb][\/vc_row][vc_column][vc_empty_space height=\u00a0\u00bb75px\u00a0\u00bb][vc_column_text el_class=\u00a0\u00bbbkmi-events_list-container\u00a0\u00bb]<div class=\"em em-view-container\" id=\"em-view-220177000\" data-view=\"list-grouped\">\r\n\t<div class=\"em pixelbones em-list em-events-list em-events-list-grouped\" id=\"em-events-list-grouped-220177000\">\r\n\t<h2>2026<\/h2>26\/01\/2026 \u2013 <a href=\"https:\/\/www.leadersclub.ch\/fr\/veranstaltungen\/repas-du-nouvel-an-zurich\/\">D\u00eener du Nouvel An, Sinaloa Zurich<\/a><br \/>\n<hr \/> 12\/03\/2026 - 13\/03\/2026 \u2013 <a href=\"https:\/\/www.leadersclub.ch\/fr\/veranstaltungen\/trendtour-oberland-bernois\/\">Trendtour Oberland bernois<\/a><br \/>\n<hr \/> 23\/03\/2026 \u2013 <a href=\"https:\/\/www.leadersclub.ch\/fr\/veranstaltungen\/lci-awards-leaders-club-france-in-paris\/\">LCI: Awards Leaders Club France \u00e0 Paris<\/a><br \/>\n<hr \/> 20\/04\/2026 \u2013 <a href=\"https:\/\/www.leadersclub.ch\/fr\/veranstaltungen\/saechsilueuete\/\">S\u00e4chsil\u00fc\u00fcte<\/a><br \/>\n<hr \/> 04\/05\/2026 - 05\/05\/2026 \u2013 <a href=\"https:\/\/www.leadersclub.ch\/fr\/veranstaltungen\/lci-trendtour-international-offenburg-europapark-rust-domaine-viticole-en-alsace\/\">LCI: Trendtour international tripoint AL-FR-CH<\/a><br \/>\n<hr \/> 10\/06\/2026 - 11\/06\/2026 \u2013 <a href=\"https:\/\/www.leadersclub.ch\/fr\/veranstaltungen\/lci-echange-international-a-munich-hospitality-what-really-matters\/\">LCI: Gastrosessions et Leaders Club International Exchange (Munich, Hofbr\u00e4ukeller)<\/a><br \/>\n<hr \/> 12\/06\/2026 - 14\/06\/2026 \u2013 <a href=\"https:\/\/www.leadersclub.ch\/fr\/veranstaltungen\/assemblee-generale-2\/\">Assembl\u00e9e g\u00e9n\u00e9rale<\/a><br \/>\n<hr \/> 16\/07\/2026 - 18\/07\/2026 \u2013 <a href=\"https:\/\/www.leadersclub.ch\/fr\/veranstaltungen\/montreux-jazz-festival-evenement-de-deux-jours-date-a-determiner\/\">Montreux Jazz Festival &amp; Evian Resort<\/a><br \/>\n<hr \/> 10\/09\/2026 \u2013 <a href=\"https:\/\/www.leadersclub.ch\/fr\/veranstaltungen\/womens-event-zuerich\/\">Women&#039;s Event | Zurich<\/a><br \/>\n<hr \/> 21\/09\/2026 - 22\/09\/2026 \u2013 <a href=\"https:\/\/www.leadersclub.ch\/fr\/veranstaltungen\/lci-visite-de-loktoberfest-evenement-international\/\">LCI: Visite de l&#039;Oktoberfest<\/a><br \/>\n<hr \/> 02\/10\/2026 \u2013 <a href=\"https:\/\/www.leadersclub.ch\/fr\/veranstaltungen\/trendtour-region-des-trois-lacs\/\">Trendtour \u00e0 Lucerne<\/a><br \/>\n<hr \/> 17\/11\/2026 \u2013 <a href=\"https:\/\/www.leadersclub.ch\/fr\/veranstaltungen\/gastrosession-trendtour-lieu-a-determiner\/\">Gastrosession \/ Trendtour (lieu \u00e0 d\u00e9terminer)<\/a><br \/>\n<hr \/> \t<\/div>\r\n<\/div>[\/vc_column_text][vc_empty_space height=\u00a0\u00bb50px\u00a0\u00bb][\/vc_column][vc_column offset=\u00a0\u00bbvc_hidden-lg vc_hidden-md\u00a0\u00bb][\/vc_column]\n<\/div>","protected":false},"excerpt":{"rendered":"<p>[vc_row css_animation=\u00a0\u00bb\u00a0\u00bb row_type=\u00a0\u00bbrow\u00a0\u00bb use_row_as_full_screen_section=\u00a0\u00bbno\u00a0\u00bb type=\u00a0\u00bbfull_width\u00a0\u00bb angled_section=\u00a0\u00bbno\u00a0\u00bb text_align=\u00a0\u00bbleft\u00a0\u00bb background_image_as_pattern=\u00a0\u00bbwithout_pattern\u00a0\u00bb][vc_column][vc_row_inner row_type=\u00a0\u00bbrow\u00a0\u00bb type=\u00a0\u00bbgrid\u00a0\u00bb text_align=\u00a0\u00bbleft\u00a0\u00bb css_animation=\u00a0\u00bb\u00a0\u00bb][vc_column_inner][vc_empty_space height=\u00a0\u00bb75px\u00a0\u00bb][\/vc_column_inner][\/vc_row_inner][vc_column_text] NEWS [\/vc_column_text][vc_separator type=\u00a0\u00bbnormal\u00a0\u00bb color=\u00a0\u00bb#fecc00&Prime;][vc_empty_space height=\u00a0\u00bb100px\u00a0\u00bb][\/vc_column][\/vc_row][vc_row css_animation=\u00a0\u00bb\u00a0\u00bb row_type=\u00a0\u00bbrow\u00a0\u00bb use_row_as_full_screen_section=\u00a0\u00bbno\u00a0\u00bb type=\u00a0\u00bbgrid\u00a0\u00bb angled_section=\u00a0\u00bbno\u00a0\u00bb text_align=\u00a0\u00bbcenter\u00a0\u00bb background_image_as_pattern=\u00a0\u00bbwithout_pattern\u00a0\u00bb z_index=\u00a0\u00bb\u00a0\u00bb][vc_column width=\u00a0\u00bb1\/3&Prime;][vc_single_image image=\u00a0\u00bb1955&Prime; img_size=\u00a0\u00bbfull\u00a0\u00bb qode_css_animation=\u00a0\u00bb\u00a0\u00bb][vc_empty_space height=\u00a0\u00bb15px\u00a0\u00bb][vc_column_text] PROCHAIN EVENEMENT [\/vc_column_text][vc_empty_space height=\u00a0\u00bb5px\u00a0\u00bb][vc_column_text css=\u00a0\u00bb\u00a0\u00bb] Assembl\u00e9e G\u00e9n\u00e9rale, Varsovie [\/vc_column_text][vc_empty_space height=\u00a0\u00bb25px\u00a0\u00bb][vc_empty_space height=\u00a0\u00bb25px\u00a0\u00bb][\/vc_column][vc_column width=\u00a0\u00bb1\/3&Prime;][vc_single_image image=\u00a0\u00bb1958&Prime; img_size=\u00a0\u00bbfull\u00a0\u00bb&#8230;<\/p>\n","protected":false},"author":6,"featured_media":0,"parent":0,"menu_order":0,"comment_status":"closed","ping_status":"closed","template":"","meta":{"footnotes":""},"class_list":["post-1376","page","type-page","status-publish","hentry"],"yoast_head":"<!-- This site is optimized with the Yoast SEO plugin v27.0 - https:\/\/yoast.com\/product\/yoast-seo-wordpress\/ -->\n<title>HOME - Leaders Club Switzerland<\/title>\n<meta name=\"robots\" content=\"index, follow, max-snippet:-1, max-image-preview:large, max-video-preview:-1\" \/>\n<link rel=\"canonical\" href=\"https:\/\/www.leadersclub.ch\/fr\/\" \/>\n<meta property=\"og:locale\" content=\"fr_FR\" \/>\n<meta property=\"og:type\" content=\"article\" \/>\n<meta property=\"og:title\" content=\"HOME - Leaders Club Switzerland\" \/>\n<meta property=\"og:description\" content=\"[vc_row css_animation=\u00a0\u00bb\u00a0\u00bb row_type=\u00a0\u00bbrow\u00a0\u00bb use_row_as_full_screen_section=\u00a0\u00bbno\u00a0\u00bb type=\u00a0\u00bbfull_width\u00a0\u00bb angled_section=\u00a0\u00bbno\u00a0\u00bb text_align=\u00a0\u00bbleft\u00a0\u00bb background_image_as_pattern=\u00a0\u00bbwithout_pattern\u00a0\u00bb][vc_column][vc_row_inner row_type=\u00a0\u00bbrow\u00a0\u00bb type=\u00a0\u00bbgrid\u00a0\u00bb text_align=\u00a0\u00bbleft\u00a0\u00bb css_animation=\u00a0\u00bb\u00a0\u00bb][vc_column_inner][vc_empty_space height=\u00a0\u00bb75px\u00a0\u00bb][\/vc_column_inner][\/vc_row_inner][vc_column_text] NEWS [\/vc_column_text][vc_separator type=\u00a0\u00bbnormal\u00a0\u00bb color=\u00a0\u00bb#fecc00&Prime;][vc_empty_space height=\u00a0\u00bb100px\u00a0\u00bb][\/vc_column][\/vc_row][vc_row css_animation=\u00a0\u00bb\u00a0\u00bb row_type=\u00a0\u00bbrow\u00a0\u00bb use_row_as_full_screen_section=\u00a0\u00bbno\u00a0\u00bb type=\u00a0\u00bbgrid\u00a0\u00bb angled_section=\u00a0\u00bbno\u00a0\u00bb text_align=\u00a0\u00bbcenter\u00a0\u00bb background_image_as_pattern=\u00a0\u00bbwithout_pattern\u00a0\u00bb z_index=\u00a0\u00bb\u00a0\u00bb][vc_column width=\u00a0\u00bb1\/3&Prime;][vc_single_image image=\u00a0\u00bb1955&Prime; img_size=\u00a0\u00bbfull\u00a0\u00bb qode_css_animation=\u00a0\u00bb\u00a0\u00bb][vc_empty_space height=\u00a0\u00bb15px\u00a0\u00bb][vc_column_text] PROCHAIN EVENEMENT [\/vc_column_text][vc_empty_space height=\u00a0\u00bb5px\u00a0\u00bb][vc_column_text css=\u00a0\u00bb\u00a0\u00bb] Assembl\u00e9e G\u00e9n\u00e9rale, Varsovie [\/vc_column_text][vc_empty_space height=\u00a0\u00bb25px\u00a0\u00bb][vc_empty_space height=\u00a0\u00bb25px\u00a0\u00bb][\/vc_column][vc_column width=\u00a0\u00bb1\/3&Prime;][vc_single_image image=\u00a0\u00bb1958&Prime; img_size=\u00a0\u00bbfull\u00a0\u00bb...\" \/>\n<meta property=\"og:url\" content=\"https:\/\/www.leadersclub.ch\/fr\/\" \/>\n<meta property=\"og:site_name\" content=\"Leaders Club Switzerland\" \/>\n<meta property=\"article:publisher\" content=\"https:\/\/www.facebook.com\/LeadersClubSwitzerland\/\" \/>\n<meta property=\"article:modified_time\" content=\"2026-04-23T14:10:49+00:00\" \/>\n<meta name=\"twitter:card\" content=\"summary_large_image\" \/>\n<meta name=\"twitter:label1\" content=\"Dur\u00e9e de lecture estim\u00e9e\" \/>\n\t<meta name=\"twitter:data1\" content=\"1 minute\" \/>\n<script type=\"application\/ld+json\" class=\"yoast-schema-graph\">{\"@context\":\"https:\/\/schema.org\",\"@graph\":[{\"@type\":\"WebPage\",\"@id\":\"https:\/\/www.leadersclub.ch\/fr\/\",\"url\":\"https:\/\/www.leadersclub.ch\/fr\/\",\"name\":\"HOME - Leaders Club Switzerland\",\"isPartOf\":{\"@id\":\"https:\/\/www.leadersclub.ch\/#website\"},\"datePublished\":\"2018-06-13T09:37:50+00:00\",\"dateModified\":\"2026-04-23T14:10:49+00:00\",\"breadcrumb\":{\"@id\":\"https:\/\/www.leadersclub.ch\/fr\/#breadcrumb\"},\"inLanguage\":\"fr-FR\",\"potentialAction\":[{\"@type\":\"ReadAction\",\"target\":[\"https:\/\/www.leadersclub.ch\/fr\/\"]}]},{\"@type\":\"BreadcrumbList\",\"@id\":\"https:\/\/www.leadersclub.ch\/fr\/#breadcrumb\",\"itemListElement\":[{\"@type\":\"ListItem\",\"position\":1,\"name\":\"Home\",\"item\":\"https:\/\/www.leadersclub.ch\/fr\/\"},{\"@type\":\"ListItem\",\"position\":2,\"name\":\"HOME\"}]},{\"@type\":\"WebSite\",\"@id\":\"https:\/\/www.leadersclub.ch\/#website\",\"url\":\"https:\/\/www.leadersclub.ch\/\",\"name\":\"Leaders Club Switzerland\",\"description\":\"\",\"publisher\":{\"@id\":\"https:\/\/www.leadersclub.ch\/#organization\"},\"potentialAction\":[{\"@type\":\"SearchAction\",\"target\":{\"@type\":\"EntryPoint\",\"urlTemplate\":\"https:\/\/www.leadersclub.ch\/?s={search_term_string}\"},\"query-input\":{\"@type\":\"PropertyValueSpecification\",\"valueRequired\":true,\"valueName\":\"search_term_string\"}}],\"inLanguage\":\"fr-FR\"},{\"@type\":\"Organization\",\"@id\":\"https:\/\/www.leadersclub.ch\/#organization\",\"name\":\"Leaders Club Switzerland\",\"url\":\"https:\/\/www.leadersclub.ch\/\",\"logo\":{\"@type\":\"ImageObject\",\"inLanguage\":\"fr-FR\",\"@id\":\"https:\/\/www.leadersclub.ch\/#\/schema\/logo\/image\/\",\"url\":\"https:\/\/www.leadersclub.ch\/wp-content\/uploads\/2018\/02\/LSS_LOGO.png\",\"contentUrl\":\"https:\/\/www.leadersclub.ch\/wp-content\/uploads\/2018\/02\/LSS_LOGO.png\",\"width\":259,\"height\":40,\"caption\":\"Leaders Club Switzerland\"},\"image\":{\"@id\":\"https:\/\/www.leadersclub.ch\/#\/schema\/logo\/image\/\"},\"sameAs\":[\"https:\/\/www.facebook.com\/LeadersClubSwitzerland\/\"]}]}<\/script>\n<!-- \/ Yoast SEO plugin. -->","yoast_head_json":{"title":"HOME - Leaders Club Switzerland","robots":{"index":"index","follow":"follow","max-snippet":"max-snippet:-1","max-image-preview":"max-image-preview:large","max-video-preview":"max-video-preview:-1"},"canonical":"https:\/\/www.leadersclub.ch\/fr\/","og_locale":"fr_FR","og_type":"article","og_title":"HOME - Leaders Club Switzerland","og_description":"[vc_row css_animation=\u00a0\u00bb\u00a0\u00bb row_type=\u00a0\u00bbrow\u00a0\u00bb use_row_as_full_screen_section=\u00a0\u00bbno\u00a0\u00bb type=\u00a0\u00bbfull_width\u00a0\u00bb angled_section=\u00a0\u00bbno\u00a0\u00bb text_align=\u00a0\u00bbleft\u00a0\u00bb background_image_as_pattern=\u00a0\u00bbwithout_pattern\u00a0\u00bb][vc_column][vc_row_inner row_type=\u00a0\u00bbrow\u00a0\u00bb type=\u00a0\u00bbgrid\u00a0\u00bb text_align=\u00a0\u00bbleft\u00a0\u00bb css_animation=\u00a0\u00bb\u00a0\u00bb][vc_column_inner][vc_empty_space height=\u00a0\u00bb75px\u00a0\u00bb][\/vc_column_inner][\/vc_row_inner][vc_column_text] NEWS [\/vc_column_text][vc_separator type=\u00a0\u00bbnormal\u00a0\u00bb color=\u00a0\u00bb#fecc00&Prime;][vc_empty_space height=\u00a0\u00bb100px\u00a0\u00bb][\/vc_column][\/vc_row][vc_row css_animation=\u00a0\u00bb\u00a0\u00bb row_type=\u00a0\u00bbrow\u00a0\u00bb use_row_as_full_screen_section=\u00a0\u00bbno\u00a0\u00bb type=\u00a0\u00bbgrid\u00a0\u00bb angled_section=\u00a0\u00bbno\u00a0\u00bb text_align=\u00a0\u00bbcenter\u00a0\u00bb background_image_as_pattern=\u00a0\u00bbwithout_pattern\u00a0\u00bb z_index=\u00a0\u00bb\u00a0\u00bb][vc_column width=\u00a0\u00bb1\/3&Prime;][vc_single_image image=\u00a0\u00bb1955&Prime; img_size=\u00a0\u00bbfull\u00a0\u00bb qode_css_animation=\u00a0\u00bb\u00a0\u00bb][vc_empty_space height=\u00a0\u00bb15px\u00a0\u00bb][vc_column_text] PROCHAIN EVENEMENT [\/vc_column_text][vc_empty_space height=\u00a0\u00bb5px\u00a0\u00bb][vc_column_text css=\u00a0\u00bb\u00a0\u00bb] Assembl\u00e9e G\u00e9n\u00e9rale, Varsovie [\/vc_column_text][vc_empty_space height=\u00a0\u00bb25px\u00a0\u00bb][vc_empty_space height=\u00a0\u00bb25px\u00a0\u00bb][\/vc_column][vc_column width=\u00a0\u00bb1\/3&Prime;][vc_single_image image=\u00a0\u00bb1958&Prime; img_size=\u00a0\u00bbfull\u00a0\u00bb...","og_url":"https:\/\/www.leadersclub.ch\/fr\/","og_site_name":"Leaders Club Switzerland","article_publisher":"https:\/\/www.facebook.com\/LeadersClubSwitzerland\/","article_modified_time":"2026-04-23T14:10:49+00:00","twitter_card":"summary_large_image","twitter_misc":{"Dur\u00e9e de lecture estim\u00e9e":"1 minute"},"schema":{"@context":"https:\/\/schema.org","@graph":[{"@type":"WebPage","@id":"https:\/\/www.leadersclub.ch\/fr\/","url":"https:\/\/www.leadersclub.ch\/fr\/","name":"HOME - Leaders Club Switzerland","isPartOf":{"@id":"https:\/\/www.leadersclub.ch\/#website"},"datePublished":"2018-06-13T09:37:50+00:00","dateModified":"2026-04-23T14:10:49+00:00","breadcrumb":{"@id":"https:\/\/www.leadersclub.ch\/fr\/#breadcrumb"},"inLanguage":"fr-FR","potentialAction":[{"@type":"ReadAction","target":["https:\/\/www.leadersclub.ch\/fr\/"]}]},{"@type":"BreadcrumbList","@id":"https:\/\/www.leadersclub.ch\/fr\/#breadcrumb","itemListElement":[{"@type":"ListItem","position":1,"name":"Home","item":"https:\/\/www.leadersclub.ch\/fr\/"},{"@type":"ListItem","position":2,"name":"HOME"}]},{"@type":"WebSite","@id":"https:\/\/www.leadersclub.ch\/#website","url":"https:\/\/www.leadersclub.ch\/","name":"Leaders Club Switzerland","description":"","publisher":{"@id":"https:\/\/www.leadersclub.ch\/#organization"},"potentialAction":[{"@type":"SearchAction","target":{"@type":"EntryPoint","urlTemplate":"https:\/\/www.leadersclub.ch\/?s={search_term_string}"},"query-input":{"@type":"PropertyValueSpecification","valueRequired":true,"valueName":"search_term_string"}}],"inLanguage":"fr-FR"},{"@type":"Organization","@id":"https:\/\/www.leadersclub.ch\/#organization","name":"Leaders Club Switzerland","url":"https:\/\/www.leadersclub.ch\/","logo":{"@type":"ImageObject","inLanguage":"fr-FR","@id":"https:\/\/www.leadersclub.ch\/#\/schema\/logo\/image\/","url":"https:\/\/www.leadersclub.ch\/wp-content\/uploads\/2018\/02\/LSS_LOGO.png","contentUrl":"https:\/\/www.leadersclub.ch\/wp-content\/uploads\/2018\/02\/LSS_LOGO.png","width":259,"height":40,"caption":"Leaders Club Switzerland"},"image":{"@id":"https:\/\/www.leadersclub.ch\/#\/schema\/logo\/image\/"},"sameAs":["https:\/\/www.facebook.com\/LeadersClubSwitzerland\/"]}]}},"_links":{"self":[{"href":"https:\/\/www.leadersclub.ch\/fr\/wp-json\/wp\/v2\/pages\/1376","targetHints":{"allow":["GET"]}}],"collection":[{"href":"https:\/\/www.leadersclub.ch\/fr\/wp-json\/wp\/v2\/pages"}],"about":[{"href":"https:\/\/www.leadersclub.ch\/fr\/wp-json\/wp\/v2\/types\/page"}],"author":[{"embeddable":true,"href":"https:\/\/www.leadersclub.ch\/fr\/wp-json\/wp\/v2\/users\/6"}],"replies":[{"embeddable":true,"href":"https:\/\/www.leadersclub.ch\/fr\/wp-json\/wp\/v2\/comments?post=1376"}],"version-history":[{"count":11,"href":"https:\/\/www.leadersclub.ch\/fr\/wp-json\/wp\/v2\/pages\/1376\/revisions"}],"predecessor-version":[{"id":8319,"href":"https:\/\/www.leadersclub.ch\/fr\/wp-json\/wp\/v2\/pages\/1376\/revisions\/8319"}],"wp:attachment":[{"href":"https:\/\/www.leadersclub.ch\/fr\/wp-json\/wp\/v2\/media?parent=1376"}],"curies":[{"name":"wp","href":"https:\/\/api.w.org\/{rel}","templated":true}]}}